{"id":1561,"date":"2025-05-15T12:06:04","date_gmt":"2025-05-15T11:06:04","guid":{"rendered":"https:\/\/ninecasinoplay.com\/payment-methods\/"},"modified":"2025-07-25T14:11:30","modified_gmt":"2025-07-25T13:11:30","slug":"payment-methods","status":"publish","type":"page","link":"https:\/\/ninecasinoplay.com\/pt-pt\/payment-methods\/","title":{"rendered":"M\u00e9todos de Pagamento"},"content":{"rendered":"<h1>Nine Casino Payment Methods<\/h1>\n<p>Nine Casino Portugal procura manter-se o mais actual poss\u00edvel e oferecer as melhores e mais seguras op\u00e7\u00f5es de pagamento para os seus jogadores. Ap\u00f3s a cria\u00e7\u00e3o da sua conta no casino Nine\u0441asino, clique no bot\u00e3o \u201cDep\u00f3sito\u201d para explorar todos os m\u00e9todos dispon\u00edveis para a sua regi\u00e3o.<\/p>\n<p>A lista de m\u00e9todos de pagamento dispon\u00edveis \u00e9 vasta e com op\u00e7\u00f5es para todos os tipos de prefer\u00eancias. Se preferir os convencionais cart\u00f5es de cr\u00e9dito ou de d\u00e9bito, seleccione os pagamentos com Visa e Mastercard, mas se as carteiras virtuais forem a sua escolha habitual, n\u00e3o precisa de se preocupar porque nine casino tamb\u00e9m as aceita. Para quem se aventura com as criptomoedas, pode optar por realizar os seus pagamentos com diversas destas moedas e, para os jogadores Portugueses, a op\u00e7\u00e3o do MBWay est\u00e1 tamb\u00e9m dispon\u00edvel.<\/p>\n<p>Temos op\u00e7\u00f5es para todos os gostos, agora s\u00f3 tem que escolher a sua preferida e come\u00e7ar a jogar!<\/p>\n<p><span style=\"font-size: 16px;\"><div class=\"banner-wrap\" aria-label=\"Banner\"><img src=\"https:\/\/ninecasinoplay.com\/wp-content\/uploads\/2024\/10\/header-bg.png\" class=\"w-100 d-none d-lg-block img-pc main-banner-img\" alt=\"play nine casino\" fetchpriority=\"high\" decoding=\"async\"><img src=\"https:\/\/ninecasinoplay.com\/wp-content\/uploads\/2024\/10\/header-bg-mobile_2x.png\" class=\"w-100 d-none d-md-block d-lg-none main-banner-img\" alt=\"download nine casino app\" fetchpriority=\"high\" decoding=\"async\"><img src=\"https:\/\/ninecasinoplay.com\/wp-content\/uploads\/2024\/10\/header-bg-mobile_2x.png\" class=\"w-100 d-md-none\" alt=\"download nine casino app\" fetchpriority=\"high\" decoding=\"async\"><div class=\"banner-description\">\n<div class=\"banner-title\">B\u00f3nus De Boas-Vindas<\/div>\n<p class=\"banner-header-title\">\u00a3450<\/p>\n<div class=\"banner-header-AdditionalText\">+De 250 Giros Gr\u00e1ts<\/div>\n<button data-item=\"homepage_banner_link\" class=\"goto m-button m-gradient-border m-button--primary m-button--large banner-button btn-orange\">\n            <div class=\"m-button-content\">\n                <span>Inscreva-Se Agora<\/span>\n                <span><\/span>\n            <\/div>\n        <\/button>\n<\/div>\n<div class=\"WelcomePack\">\n<p><img decoding=\"async\" src=\"https:\/\/cdn.aramuz.net\/front\/components\/home\/welcome-crown.svg\" alt=\"\" \/><\/p>\n<div class=\"WelcomePack-Info\">Cashback semanal at\u00e9 25%<\/div>\n<p><img decoding=\"async\" src=\"https:\/\/cdn.aramuz.net\/front\/components\/home\/welcome-crown.svg\" alt=\"\" \/><\/p>\n<\/div>\n<\/div><div class=\"scrollable-content-wrap my-5\"><div class=\"scrollable-content-inner\"><h2>Como Realizar um Dep\u00f3sito?<\/h2>\n<p>Quer dar in\u00edcio \u00e0 sua jornada no casino online Nine\u0441asino Portugal? N\u00f3s vamos explicar-lhe tudo o que precisa de fazer para come\u00e7ar a desfrutar da melhor experi\u00eancia de um casino online em apenas poucos minutos.<\/p>\n<p>O primeiro passo \u00e9 abrir a p\u00e1gina de Nine\u0441asino Portugal no seu computador ou dispositivo m\u00f3vel e criar a sua conta (se ainda n\u00e3o o tiver feito). S\u00f3 precisa de introduzir os seus dados pessoais b\u00e1sicos e ter\u00e1 logo acesso a todas as funcionalidades de nine casino. Entre elas est\u00e1 a op\u00e7\u00e3o de depositar fundos na sua conta do casino.<\/p>\n<p>Poder\u00e1 encontrar no canto superior direito do seu ecr\u00e3 o bot\u00e3o \u201cDep\u00f3sito\u201d, o qual lhe abrir\u00e1 uma pequena janela com uma lista de todas as op\u00e7\u00f5es de pagamento dispon\u00edveis na sua regi\u00e3o. Neste momento, dever\u00e1 ent\u00e3o optar pela op\u00e7\u00e3o que lhe \u00e9 mais familiar ou que se sente mais confort\u00e1vel em utilizar, de entre cart\u00f5es de cr\u00e9dito e d\u00e9bito, transfer\u00eancias banc\u00e1rias, carteiras virtuais, criptomoedas e, exclusivamente para os jogadores Portugueses, o MBWay.<\/p>\n<p>Para poder realizar um dep\u00f3sito ter\u00e1 que cumprir com os requisitos m\u00ednimos exigidos pelo casino e o montante m\u00ednimo de dep\u00f3sito poder\u00e1 variar para cada m\u00e9todo de pagamento.<\/p>\n<p>Assim que escolher a sua op\u00e7\u00e3o preferida e adicionar o montante desej\u00e1vel, clique em depositar e o mesmo ficar\u00e1 dispon\u00edvel na sua conta no tempo previsto.<\/p>\n<h2>M\u00e9todos de Dep\u00f3sito<\/h2>\n<p>Nine\u0441asino Portugal orgulha-se de oferecer uma grande variedade de m\u00e9todos de pagamento. Todos os tipos de jogadores v\u00e3o certamente encontrar o seu m\u00e9todo preferencial de pagamento nesta lista.<\/p>\n<p>Os tradicionais pagamentos com cart\u00e3o de cr\u00e9dito e d\u00e9bito (Visa e Mastercard) est\u00e3o sempre dispon\u00edveis e sabe com o que contar. Igualmente conhecidas s\u00e3o as transfer\u00eancias banc\u00e1rias comuns, escolhidas por muitos jogadores por ser um tipo de pagamento mais antigo e, por isso, mais fi\u00e1vel.<\/p>\n<p>Para quem prefere m\u00e9todos mais digitais, Nine\u0441asino oferece as carteiras virtuais como op\u00e7\u00e3o, inclu\u00edndo Revolut, Skrill, Neteller, entre outros, onde o seu dinheiro fica dispon\u00edvel de uma forma mais c\u00e9lere mas com a mesma seguran\u00e7a de sempre.<\/p>\n<p>As criptomoedas tamb\u00e9m n\u00e3o foram esquecidas, podendo recorrer a este m\u00e9todo para ver o dinheiro na sua conta de forma quase instant\u00e2nea.<\/p>\n<p>Por fim, e exclusivamente para os jogadores em Portugal, Nine\u0441asino tem tamb\u00e9m MBWay como seu parceiro de pagamento, um m\u00e9todo familiar e bastante pr\u00e1tico conhecido de todos os Portugueses.<\/p>\n<p>Com tantas op\u00e7\u00f5es dispon\u00edveis, nunca foi t\u00e3o f\u00e1cil come\u00e7ar a jogar num casino online.<\/p>\n<h2>M\u00e9todos de Levantamento<\/h2>\n<p>Est\u00e1 na hora de colher o que semeou, fruto do seu trabalho \u00e1rduo em Nine\u0441asino Portugal.<\/p>\n<p>Quando pretender fazer o levantamento dos seus fundos da conta de nine casino, dever\u00e1 iniciar sess\u00e3o na mesma e clicar na op\u00e7\u00e3o \u201cLevantamento\u201d, no mesmo separador do bot\u00e3o \u201cDep\u00f3sito\u201d. A lista com as op\u00e7\u00f5es de m\u00e9todos de levantamento surge numa janela e, a partir daqui, pode escolher a que mais lhe convier.<\/p>\n<p>Os m\u00e9todos dispon\u00edveis para levantar o dinheiro da sua conta s\u00e3o semelhantes aos m\u00e9todos de dep\u00f3sito. Nesta lista pode encontrar as convencionais transfer\u00eancias banc\u00e1rias, as quais apresentam um tempo de processamento entre 3 a 5 dias \u00fateis, mas a sua confian\u00e7a \u00e9 um principais motivos para a sua escolha. Tem ainda Jeton, Skrill e Neteller, as carteiras virtuais que tornam todo o processo ainda mais r\u00e1pido, sem p\u00f4r a seguran\u00e7a das transfer\u00eancias em causa. Por \u00faltimo, Nine\u0441asino disponibiliza tamb\u00e9m os levantamentos para a sua conta de criptomoeda, os quais ficam dispon\u00edveis em meros minutos.<\/p>\n<p>Escolha o m\u00e9todo mais conveniente para si e veja os lucros chegarem \u00e0 sua conta de forma r\u00e1pida e segura.<\/p>\n<h2>Perguntas Frequentes<\/h2>\n<h3>Como \u00e9 que posso depositar em Nine Casino?<\/h3>\n<p>Para poder depositar fundos na sua conta de Nine\u0441asino, primeiramente ter\u00e1 que criar uma conta. Assim que o fizer, inicie sess\u00e3o e clique no bot\u00e3o \u201cDep\u00f3sito\u201d, no canto superior direito do seu ecr\u00e3. Uma lista com todos os m\u00e9todos de pagamento dispon\u00edveis ir\u00e1 surgir, pelo que dever\u00e1 agora optar por aquele que mais lhe convier.<\/p>\n<h3>Quais s\u00e3o os limites m\u00ednimos e m\u00e1ximos dos dep\u00f3sitos?<\/h3>\n<p>Para cada m\u00e9todo de dep\u00f3sito dispon\u00edvel existe um limite m\u00ednimo e m\u00e1ximo associado. Ao seleccionar um m\u00e9todo, imediatamente lhe aparecer\u00e1 o intervalo de valores permitido para o mesmo. Antes de proceder com o dep\u00f3sito, certifique-se que consegue cumprir com estes requisitos. Poder\u00e1 tamb\u00e9m consultar mais informa\u00e7\u00f5es sobre esta quest\u00e3o nos Termos e Condi\u00e7\u00f5es dispon\u00edveis na p\u00e1gina de nine casino.<\/p>\n<h3>Como \u00e9 que posso levantar os meus ganhos em Nine Casino?<\/h3>\n<p>Se quiser optar por fazer o levantamento dos seus ganhos da sua conta Nine\u0441asino, entre na sua conta e clique no bot\u00e3o \u201cDep\u00f3sito\u201d. Uma janela ir\u00e1 abrir-se com a op\u00e7\u00e3o para depositar e levantar. Seleccione a op\u00e7\u00e3o de Levantamento e opte pelo m\u00e9todo mais conveniente para si. Certifique-se que cumpre com os requisitos exigidos para os levantamentos, tais como os requisitos de aposta e os montantes m\u00ednimos do m\u00e9todo pretendido.<\/p>\n<h3>Quais s\u00e3o os tempos de processamento para os levantamentos?<\/h3>\n<p>Cada m\u00e9todo de levantamento apresentado tem um tempo de processamento espec\u00edfico. As transfer\u00eancias banc\u00e1rias demoram habitualmente entre 3 a 5 dias \u00fateis para serem verificadas e conclu\u00eddas. Por outro lado, as carteiras virtuais s\u00e3o mais c\u00e9leres e poder\u00e1 aceder ao seu dinheiro no prazo de umas horas. As criptomoedas s\u00e3o a op\u00e7\u00e3o mais r\u00e1pida, podendo demorar apenas alguns minutos.<\/p>\n<h3>Existem algumas taxas associadas \u00e0s transac\u00e7\u00f5es?<\/h3>\n<p>O casino online Nine\u0441asino Portugal n\u00e3o cobra nenhuma taxa adicional para a realiza\u00e7\u00e3o e processamento das transac\u00e7\u00f5es. Contudo, alguns m\u00e9todos, tais como transfer\u00eancias banc\u00e1rias, poder\u00e3o apresentar custos extra por parte das institui\u00e7\u00f5es financeiras respons\u00e1veis. Dever\u00e1 informar-se junto das mesmas acerca destas quest\u00f5es antes de proceder para a utiliza\u00e7\u00e3o destas, evitando assim surpresas desagrad\u00e1veis.<\/p>\n<\/div><\/div><\/span><\/p>\n","protected":false},"excerpt":{"rendered":"<p>Nine Casino Payment Methods Nine Casino Portugal procura manter-se o mais actual poss\u00edvel e oferecer as melhores e mais seguras op\u00e7\u00f5es de pagamento para os seus jogadores. Ap\u00f3s a cria\u00e7\u00e3o da sua conta no casino Nine\u0441asino, clique no bot\u00e3o \u201cDep\u00f3sito\u201d para explorar todos os m\u00e9todos dispon\u00edveis para a sua regi\u00e3o. A lista de m\u00e9todos de [&hellip;]<\/p>\n","protected":false},"author":1,"featured_media":0,"parent":0,"menu_order":0,"comment_status":"closed","ping_status":"closed","template":"template-builder.php","meta":{"_acf_changed":false,"inline_featured_image":false,"footnotes":""},"class_list":["post-1561","page","type-page","status-publish","hentry"],"acf":[],"yoast_head":"<!-- This site is optimized with the Yoast SEO plugin v27.4 - https:\/\/yoast.com\/product\/yoast-seo-wordpress\/ -->\n<title>M\u00e9todos de Pagamento de Nine Casino \u2b50Dep\u00f3sitos Seguros e Levantamentos R\u00e1pidos<\/title>\n<meta name=\"description\" content=\"Descubra os m\u00e9todos de pagamento seguros e r\u00e1pidos de Nine\u0441asino, incluindo cart\u00f5es de cr\u00e9dito, criptomoedas e carteiras virtuais \u27a1\ufe0fUsufrua de dep\u00f3sitos sem falhas e levantamentos r\u00e1pidos hoje!\" \/>\n<meta name=\"robots\" content=\"index, follow, max-snippet:-1, max-image-preview:large, max-video-preview:-1\" \/>\n<link rel=\"canonical\" href=\"https:\/\/ninecasinoplay.com\/pt-pt\/payment-methods\/\" \/>\n<meta property=\"og:locale\" content=\"pt_PT\" \/>\n<meta property=\"og:type\" content=\"article\" \/>\n<meta property=\"og:title\" content=\"M\u00e9todos de Pagamento de Nine Casino \u2b50Dep\u00f3sitos Seguros e Levantamentos R\u00e1pidos\" \/>\n<meta property=\"og:description\" content=\"Descubra os m\u00e9todos de pagamento seguros e r\u00e1pidos de Nine\u0441asino, incluindo cart\u00f5es de cr\u00e9dito, criptomoedas e carteiras virtuais \u27a1\ufe0fUsufrua de dep\u00f3sitos sem falhas e levantamentos r\u00e1pidos hoje!\" \/>\n<meta property=\"og:url\" content=\"https:\/\/ninecasinoplay.com\/pt-pt\/payment-methods\/\" \/>\n<meta property=\"og:site_name\" content=\"NineCasino\" \/>\n<meta property=\"article:modified_time\" content=\"2025-07-25T13:11:30+00:00\" \/>\n<meta name=\"twitter:card\" content=\"summary_large_image\" \/>\n<meta name=\"twitter:label1\" content=\"Est. reading time\" \/>\n\t<meta name=\"twitter:data1\" content=\"1 minuto\" \/>\n<script type=\"application\/ld+json\" class=\"yoast-schema-graph\">{\"@context\":\"https:\\\/\\\/schema.org\",\"@graph\":[{\"@type\":\"WebPage\",\"@id\":\"https:\\\/\\\/ninecasinoplay.com\\\/pt-pt\\\/payment-methods\\\/\",\"url\":\"https:\\\/\\\/ninecasinoplay.com\\\/pt-pt\\\/payment-methods\\\/\",\"name\":\"M\u00e9todos de Pagamento de Nine Casino \u2b50Dep\u00f3sitos Seguros e Levantamentos R\u00e1pidos\",\"isPartOf\":{\"@id\":\"https:\\\/\\\/ninecasinoplay.com\\\/pt-pt\\\/#website\"},\"datePublished\":\"2025-05-15T11:06:04+00:00\",\"dateModified\":\"2025-07-25T13:11:30+00:00\",\"description\":\"Descubra os m\u00e9todos de pagamento seguros e r\u00e1pidos de Nine\u0441asino, incluindo cart\u00f5es de cr\u00e9dito, criptomoedas e carteiras virtuais \u27a1\ufe0fUsufrua de dep\u00f3sitos sem falhas e levantamentos r\u00e1pidos hoje!\",\"breadcrumb\":{\"@id\":\"https:\\\/\\\/ninecasinoplay.com\\\/pt-pt\\\/payment-methods\\\/#breadcrumb\"},\"inLanguage\":\"pt-PT\",\"potentialAction\":[{\"@type\":\"ReadAction\",\"target\":[\"https:\\\/\\\/ninecasinoplay.com\\\/pt-pt\\\/payment-methods\\\/\"]}]},{\"@type\":\"BreadcrumbList\",\"@id\":\"https:\\\/\\\/ninecasinoplay.com\\\/pt-pt\\\/payment-methods\\\/#breadcrumb\",\"itemListElement\":[{\"@type\":\"ListItem\",\"position\":1,\"name\":\"Ninecasino\",\"item\":\"https:\\\/\\\/ninecasinoplay.com\\\/pt-pt\\\/\"},{\"@type\":\"ListItem\",\"position\":2,\"name\":\"M\u00e9todos de Pagamento\"}]},{\"@type\":\"WebSite\",\"@id\":\"https:\\\/\\\/ninecasinoplay.com\\\/pt-pt\\\/#website\",\"url\":\"https:\\\/\\\/ninecasinoplay.com\\\/pt-pt\\\/\",\"name\":\"Ninecasino\",\"description\":\"\",\"publisher\":{\"@id\":\"https:\\\/\\\/ninecasinoplay.com\\\/pt-pt\\\/#organization\"},\"potentialAction\":[{\"@type\":\"SearchAction\",\"target\":{\"@type\":\"EntryPoint\",\"urlTemplate\":\"https:\\\/\\\/ninecasinoplay.com\\\/pt-pt\\\/?s={search_term_string}\"},\"query-input\":{\"@type\":\"PropertyValueSpecification\",\"valueRequired\":true,\"valueName\":\"search_term_string\"}}],\"inLanguage\":\"pt-PT\"},{\"@type\":\"Organization\",\"@id\":\"https:\\\/\\\/ninecasinoplay.com\\\/pt-pt\\\/#organization\",\"name\":\"Ninecasino\",\"url\":\"https:\\\/\\\/ninecasinoplay.com\\\/pt-pt\\\/\",\"logo\":{\"@type\":\"ImageObject\",\"inLanguage\":\"pt-PT\",\"@id\":\"https:\\\/\\\/ninecasinoplay.com\\\/pt-pt\\\/#\\\/schema\\\/logo\\\/image\\\/\",\"url\":\"https:\\\/\\\/ninecasinoplay.com\\\/wp-content\\\/uploads\\\/2024\\\/12\\\/logo-main.svg\",\"contentUrl\":\"https:\\\/\\\/ninecasinoplay.com\\\/wp-content\\\/uploads\\\/2024\\\/12\\\/logo-main.svg\",\"width\":135,\"height\":34,\"caption\":\"Ninecasino\"},\"image\":{\"@id\":\"https:\\\/\\\/ninecasinoplay.com\\\/pt-pt\\\/#\\\/schema\\\/logo\\\/image\\\/\"}}]}<\/script>\n<!-- \/ Yoast SEO plugin. -->","yoast_head_json":{"title":"M\u00e9todos de Pagamento de Nine Casino \u2b50Dep\u00f3sitos Seguros e Levantamentos R\u00e1pidos","description":"Descubra os m\u00e9todos de pagamento seguros e r\u00e1pidos de Nine\u0441asino, incluindo cart\u00f5es de cr\u00e9dito, criptomoedas e carteiras virtuais \u27a1\ufe0fUsufrua de dep\u00f3sitos sem falhas e levantamentos r\u00e1pidos hoje!","robots":{"index":"index","follow":"follow","max-snippet":"max-snippet:-1","max-image-preview":"max-image-preview:large","max-video-preview":"max-video-preview:-1"},"canonical":"https:\/\/ninecasinoplay.com\/pt-pt\/payment-methods\/","og_locale":"pt_PT","og_type":"article","og_title":"M\u00e9todos de Pagamento de Nine Casino \u2b50Dep\u00f3sitos Seguros e Levantamentos R\u00e1pidos","og_description":"Descubra os m\u00e9todos de pagamento seguros e r\u00e1pidos de Nine\u0441asino, incluindo cart\u00f5es de cr\u00e9dito, criptomoedas e carteiras virtuais \u27a1\ufe0fUsufrua de dep\u00f3sitos sem falhas e levantamentos r\u00e1pidos hoje!","og_url":"https:\/\/ninecasinoplay.com\/pt-pt\/payment-methods\/","og_site_name":"NineCasino","article_modified_time":"2025-07-25T13:11:30+00:00","twitter_card":"summary_large_image","twitter_misc":{"Est. reading time":"1 minuto"},"schema":{"@context":"https:\/\/schema.org","@graph":[{"@type":"WebPage","@id":"https:\/\/ninecasinoplay.com\/pt-pt\/payment-methods\/","url":"https:\/\/ninecasinoplay.com\/pt-pt\/payment-methods\/","name":"M\u00e9todos de Pagamento de Nine Casino \u2b50Dep\u00f3sitos Seguros e Levantamentos R\u00e1pidos","isPartOf":{"@id":"https:\/\/ninecasinoplay.com\/pt-pt\/#website"},"datePublished":"2025-05-15T11:06:04+00:00","dateModified":"2025-07-25T13:11:30+00:00","description":"Descubra os m\u00e9todos de pagamento seguros e r\u00e1pidos de Nine\u0441asino, incluindo cart\u00f5es de cr\u00e9dito, criptomoedas e carteiras virtuais \u27a1\ufe0fUsufrua de dep\u00f3sitos sem falhas e levantamentos r\u00e1pidos hoje!","breadcrumb":{"@id":"https:\/\/ninecasinoplay.com\/pt-pt\/payment-methods\/#breadcrumb"},"inLanguage":"pt-PT","potentialAction":[{"@type":"ReadAction","target":["https:\/\/ninecasinoplay.com\/pt-pt\/payment-methods\/"]}]},{"@type":"BreadcrumbList","@id":"https:\/\/ninecasinoplay.com\/pt-pt\/payment-methods\/#breadcrumb","itemListElement":[{"@type":"ListItem","position":1,"name":"Ninecasino","item":"https:\/\/ninecasinoplay.com\/pt-pt\/"},{"@type":"ListItem","position":2,"name":"M\u00e9todos de Pagamento"}]},{"@type":"WebSite","@id":"https:\/\/ninecasinoplay.com\/pt-pt\/#website","url":"https:\/\/ninecasinoplay.com\/pt-pt\/","name":"Ninecasino","description":"","publisher":{"@id":"https:\/\/ninecasinoplay.com\/pt-pt\/#organization"},"potentialAction":[{"@type":"SearchAction","target":{"@type":"EntryPoint","urlTemplate":"https:\/\/ninecasinoplay.com\/pt-pt\/?s={search_term_string}"},"query-input":{"@type":"PropertyValueSpecification","valueRequired":true,"valueName":"search_term_string"}}],"inLanguage":"pt-PT"},{"@type":"Organization","@id":"https:\/\/ninecasinoplay.com\/pt-pt\/#organization","name":"Ninecasino","url":"https:\/\/ninecasinoplay.com\/pt-pt\/","logo":{"@type":"ImageObject","inLanguage":"pt-PT","@id":"https:\/\/ninecasinoplay.com\/pt-pt\/#\/schema\/logo\/image\/","url":"https:\/\/ninecasinoplay.com\/wp-content\/uploads\/2024\/12\/logo-main.svg","contentUrl":"https:\/\/ninecasinoplay.com\/wp-content\/uploads\/2024\/12\/logo-main.svg","width":135,"height":34,"caption":"Ninecasino"},"image":{"@id":"https:\/\/ninecasinoplay.com\/pt-pt\/#\/schema\/logo\/image\/"}}]}},"_links":{"self":[{"href":"https:\/\/ninecasinoplay.com\/pt-pt\/wp-json\/wp\/v2\/pages\/1561","targetHints":{"allow":["GET"]}}],"collection":[{"href":"https:\/\/ninecasinoplay.com\/pt-pt\/wp-json\/wp\/v2\/pages"}],"about":[{"href":"https:\/\/ninecasinoplay.com\/pt-pt\/wp-json\/wp\/v2\/types\/page"}],"author":[{"embeddable":true,"href":"https:\/\/ninecasinoplay.com\/pt-pt\/wp-json\/wp\/v2\/users\/1"}],"replies":[{"embeddable":true,"href":"https:\/\/ninecasinoplay.com\/pt-pt\/wp-json\/wp\/v2\/comments?post=1561"}],"version-history":[{"count":2,"href":"https:\/\/ninecasinoplay.com\/pt-pt\/wp-json\/wp\/v2\/pages\/1561\/revisions"}],"predecessor-version":[{"id":1563,"href":"https:\/\/ninecasinoplay.com\/pt-pt\/wp-json\/wp\/v2\/pages\/1561\/revisions\/1563"}],"wp:attachment":[{"href":"https:\/\/ninecasinoplay.com\/pt-pt\/wp-json\/wp\/v2\/media?parent=1561"}],"curies":[{"name":"wp","href":"https:\/\/api.w.org\/{rel}","templated":true}]}}