{"id":1141,"date":"2024-10-27T13:48:15","date_gmt":"2024-10-27T13:48:15","guid":{"rendered":"https:\/\/ninecasinoplay.com\/app\/"},"modified":"2025-04-21T11:38:25","modified_gmt":"2025-04-21T10:38:25","slug":"app","status":"publish","type":"page","link":"https:\/\/ninecasinoplay.com\/pt-pt\/app\/","title":{"rendered":"Aplica\u00e7\u00e3o"},"content":{"rendered":"<h1>NineCasino App<\/h1>\n<p>Jogadores inexperientes e experientes agora podem aproveitar o Ninecasino aplica\u00e7\u00e3o. Se voc\u00ea \u00e9 um entusiasta de jogos que quer jogar com uma experi\u00eancia real baseada em cassino em seu smartphone, agora voc\u00ea pode fazer isso.<\/p>\n<p>Este aplicativo \u00e9 realmente revolucion\u00e1rio. Indiv\u00edduos localizados em muitas regi\u00f5es agora podem ter uma experi\u00eancia imersiva que traz todas as emo\u00e7\u00f5es de estar em um cassino. A sele\u00e7\u00e3o de jogos \u00e9 extraordin\u00e1ria.<\/p>\n<p>Ap\u00f3s fazer o download f\u00e1cil do aplicativo Nine Casino, voc\u00ea pode jogar em locais t\u00e3o diversos como uma cafeteria, ou at\u00e9 mesmo enquanto usa transporte p\u00fablico. N\u00f3s projetamos este aplicativo com o usu\u00e1rio moderno exigente em mente. Do menu lateral \u00e0s cores e aos sons, quer\u00edamos criar uma experi\u00eancia que o levasse a uma interface de jogo com est\u00e9tica, recursos de seguran\u00e7a e jogabilidade ideais.<\/p>\n<p>N\u00e3o importa qual seja o seu jogo de escolha, voc\u00ea pode ter certeza de que a plataforma m\u00f3vel do Nine Casino o tem!<\/p>\n<div class=\"banner-wrap\" aria-label=\"Banner\"><img src=\"https:\/\/ninecasinoplay.com\/wp-content\/uploads\/2024\/10\/header-bg.png\" class=\"w-100 d-none d-lg-block img-pc main-banner-img\" alt=\"play nine casino\" fetchpriority=\"high\" decoding=\"async\"><img src=\"https:\/\/ninecasinoplay.com\/wp-content\/uploads\/2024\/10\/header-bg-mobile_2x.png\" class=\"w-100 d-none d-md-block d-lg-none main-banner-img\" alt=\"download nine casino app\" fetchpriority=\"high\" decoding=\"async\"><img src=\"https:\/\/ninecasinoplay.com\/wp-content\/uploads\/2024\/10\/header-bg-mobile_2x.png\" class=\"w-100 d-md-none\" alt=\"download nine casino app\" fetchpriority=\"high\" decoding=\"async\"><div class=\"banner-description\">\n<div class=\"banner-title\">B\u00f4nus de boas-vindas<\/div>\n<p class=\"banner-header-title\">450 \u20ac<\/p>\n<div class=\"banner-header-AdditionalText\">+ 250 rodadas gr\u00e1tis<\/div>\n<p>&nbsp;<\/p>\n<button data-item=\"homepage_banner_link\" class=\"goto m-button m-gradient-border m-button--primary m-button--large banner-button btn-orange\">\n            <div class=\"m-button-content\">\n                <span>Sign Up Now<\/span>\n                <span><\/span>\n            <\/div>\n        <\/button>\n<p>&nbsp;<\/p>\n<\/div>\n<div class=\"WelcomePack\">\n<p><img decoding=\"async\" src=\"https:\/\/cdn.aramuz.net\/front\/components\/home\/welcome-crown.svg\" alt=\"\" \/><\/p>\n<div class=\"WelcomePack-Info\">Cashback semanal de at\u00e9 25%<\/div>\n<p><img decoding=\"async\" src=\"https:\/\/cdn.aramuz.net\/front\/components\/home\/welcome-crown.svg\" alt=\"\" \/><\/p>\n<\/div>\n<\/div>\n<h2>Principais recursos<\/h2>\n<p>Existem v\u00e1rios recursos principais que voc\u00ea notar\u00e1 ao Ninecasino descarregar que nos diferenciam dos concorrentes. Por exemplo:<\/p>\n<ul>\n<li aria-level=\"1\">Quando estiver online, h\u00e1 uma experi\u00eancia de usu\u00e1rio de plataforma intuitiva. Voc\u00ea pode navegar facilmente entre as op\u00e7\u00f5es de jogo e escolher a que mais lhe agrada.<\/li>\n<li aria-level=\"1\">Todos os usu\u00e1rios do aplicativo t\u00eam acesso a ofertas de b\u00f4nus exclusivas para aquela regi\u00e3o.<\/li>\n<li aria-level=\"1\">H\u00e1 torneios di\u00e1rios que lhe d\u00e3o a chance de ganhar pr\u00eamios em dinheiro fabulosos<\/li>\n<li aria-level=\"1\">H\u00e1 um dos sistemas de criptografia mais sofisticados para que qualquer informa\u00e7\u00e3o confidencial que voc\u00ea nos der fique sempre somente com voc\u00ea.<\/li>\n<li aria-level=\"1\">Voc\u00ea pode fazer dep\u00f3sitos e retiradas de forma r\u00e1pida e f\u00e1cil. Aceitamos e oferecemos uma ampla variedade de m\u00e9todos de pagamento.<\/li>\n<li aria-level=\"1\">Fizemos parcerias com alguns dos designers de jogos mais influentes do mercado hoje, incluindo Play&#8217;n Go, MicroGaming e Nettent.<\/li>\n<li aria-level=\"1\">Novos jogos aparecem no aplicativo constantemente, ent\u00e3o n\u00e3o deixe de passar por aqui regularmente para ver o que acabou de sair.<\/li>\n<\/ul>\n<p>A experi\u00eancia m\u00f3vel do Nine Casino para jogadores est\u00e1 mudando os jogos online. Ap\u00f3s obter acesso, voc\u00ea ver\u00e1 como pode ser divertido, pr\u00e1tico e emocionante mergulhar no mundo glamoroso dos jogos de cassino!<\/p>\n<p><div style=\"clear: both\"><\/div><div class=\"d-flex justify-content-center\"><button data-item=\"seo-link\" data-group=\"website_links\" class=\"goto fw-bold rounded-pill btn btn-orange\" aria-label=\"Baixar aplicativo do Nine Casino\" >Baixar aplicativo do Nine Casino<\/button><\/div><br \/>\n<div class=\"scrollable-content-wrap \"><div class=\"scrollable-content-inner\"><h2>Baixar o Nine Casino APK (Android)<\/h2>\n<p>Baixar o Ninecasino apk para obter o aplicativo NineCasino para seu dispositivo Android \u00e9 muito simples. Basta seguir estas etapas:<\/p>\n<ol>\n<li aria-level=\"1\">Primeiro, voc\u00ea vai querer visitar o site do NineCasino.<\/li>\n<li aria-level=\"1\">Usando seu dispositivo Android, navegue at\u00e9 a p\u00e1gina oficial de download.<\/li>\n<li aria-level=\"1\">Em seguida, voc\u00ea vai querer clicar no bot\u00e3o para baixar o aplicativo Nine Casino APK. Isso deve iniciar o processo de download.<\/li>\n<li aria-level=\"1\">O aplicativo permite origens desconhecidas. Voc\u00ea vai querer ir para as configura\u00e7\u00f5es de seguran\u00e7a do dispositivo. De l\u00e1, voc\u00ea pode tocar onde diz \u201cautorizar instala\u00e7\u00e3o de fontes desconhecidas\u201d.<\/li>\n<li aria-level=\"1\">Voc\u00ea deve ver o aplicativo Nine Casino apk instalado no seu telefone.<\/li>\n<\/ol>\n<p>Ap\u00f3s baixar o arquivo em quest\u00e3o em seu computador profissional ou pessoal, voc\u00ea deve ser capaz de encontr\u00e1-lo no diret\u00f3rio especificado de sua escolha. Isso pode incluir uma distribui\u00e7\u00e3o Linux Ubuntu ou Windows 10 ou 11 da Microsoft Corp. Nesse ponto, voc\u00ea simplesmente clica duas vezes no \u00edcone.<\/p>\n<p>Voc\u00ea ver\u00e1 instru\u00e7\u00f5es detalhadas para executar o processo de download no seu dispositivo Android, conforme detalhado acima. Em menos de dez minutos, voc\u00ea ter\u00e1 o aplicativo instalado e funcionando e poder\u00e1 explor\u00e1-lo. Agora, o universo do Nine Casino se abrir\u00e1 para voc\u00ea e voc\u00ea poder\u00e1 aproveit\u00e1-lo em qualquer lugar!<\/p>\n<\/div><\/div><br \/>\n<div style=\"clear: both\"><\/div><div class=\"d-flex justify-content-center\"><button data-item=\"seo-link\" data-group=\"website_links\" class=\"goto fw-bold rounded-pill btn btn-orange\" aria-label=\"Baixar Nine Casino APK\" >Baixar Nine Casino APK<\/button><\/div><\/p>\n<p><img decoding=\"async\" class=\"aligncenter wp-image-1350 size-full\" src=\"https:\/\/ninecasinoplay.com\/wp-content\/uploads\/2025\/04\/ninecasino-pt-.png\" alt=\"ninecasino app\" width=\"1248\" height=\"536\" srcset=\"https:\/\/ninecasinoplay.com\/wp-content\/uploads\/2025\/04\/ninecasino-pt-.png 1248w, https:\/\/ninecasinoplay.com\/wp-content\/uploads\/2025\/04\/ninecasino-pt--300x129.png 300w, https:\/\/ninecasinoplay.com\/wp-content\/uploads\/2025\/04\/ninecasino-pt--1024x440.png 1024w, https:\/\/ninecasinoplay.com\/wp-content\/uploads\/2025\/04\/ninecasino-pt--768x330.png 768w\" sizes=\"(max-width: 1248px) 100vw, 1248px\" \/><br \/>\n<div class=\"scrollable-content-wrap \"><div class=\"scrollable-content-inner\"><h2>Baixar o aplicativo Nine Casino para seu dispositivo iOS<\/h2>\n<p>Se voc\u00ea possui um dispositivo iOS como um iPhone ou um iPad, voc\u00ea tamb\u00e9m pode entrar em a\u00e7\u00e3o! O Nine Casino aplica\u00e7\u00e3o tem uma vers\u00e3o dispon\u00edvel que funciona perfeitamente nesses dispositivos. Aqui est\u00e1 o que voc\u00ea precisa fazer:<\/p>\n<ol>\n<li aria-level=\"1\">V\u00e1 at\u00e9 a App Store no seu dispositivo iOS.<\/li>\n<li aria-level=\"1\">No seu dispositivo Apple, voc\u00ea procurar\u00e1 por \u201cNine Casino\u201d na barra de pesquisa.<\/li>\n<li aria-level=\"1\">O aplicativo deve aparecer.<\/li>\n<li aria-level=\"1\">Pressione \u201cObter\u201d para confirmar que voc\u00ea gostaria de baix\u00e1-lo.<\/li>\n<li aria-level=\"1\">O processo n\u00e3o deve levar mais do que alguns segundos, supondo que voc\u00ea tenha uma conex\u00e3o Wi-Fi forte ou esteja usando seus dados e tenha um sinal forte de uma torre de celular.<\/li>\n<\/ol>\n<p>Ap\u00f3s concluir com sucesso o download para seu dispositivo iOS ou computador pessoal, certifique-se de iniciar o aplicativo seguido por uma conex\u00e3o com sua conta existente. Alternativamente, se voc\u00ea ainda n\u00e3o tiver um perfil usado salvo, voc\u00ea pode criar um.<\/p>\n<p>Voc\u00ea deve descobrir que o aplicativo NineCasino para iOS \u00e9 bastante intuitivo e f\u00e1cil de usar. A interface permite que voc\u00ea encontre rapidamente os muitos recursos da plataforma e interaja com eles. Voc\u00ea pode levar seu dispositivo iOS com voc\u00ea e aproveitar as muitas ofertas de b\u00f4nus e jogos, com novos aparecendo com frequ\u00eancia.<\/p>\n<\/div><\/div><br \/>\n<div style=\"clear: both\"><\/div><div class=\"d-flex justify-content-center\"><button data-item=\"seo-link\" data-group=\"website_links\" class=\"goto fw-bold rounded-pill btn btn-orange\" aria-label=\"Baixar aplicativo Nine Casino\" >Baixar aplicativo Nine Casino<\/button><\/div><br \/>\n<div class=\"scrollable-content-wrap \"><div class=\"scrollable-content-inner\"><h2>Aplicativo Nine Casino para Windows\/Mac OS<\/h2>\n<p>Sim, h\u00e1 um aplicativo que projetamos especialmente para Windows\/Mac OS. Voc\u00ea pode obt\u00ea-lo sem precisar fazer um download de aplicativo dedicado.<\/p>\n<p>Uma vers\u00e3o otimizada do nosso site garante uma navega\u00e7\u00e3o f\u00e1cil de usar e fluida. Voc\u00ea pode obt\u00ea-la diretamente do seu navegador de internet favorito.<\/p>\n<p>Se voc\u00ea adora ter experi\u00eancias personalizadas e exclusivas, voc\u00ea vai gostar do nosso aplicativo de escrit\u00f3rio. Com ele, voc\u00ea pode experimentar instantaneamente muitos jogos e aproveitar recursos exclusivos.<\/p>\n<p>O aplicativo Nine Casino pode ser seu, quer voc\u00ea tenha um Mac, um dispositivo Windows, um Android ou um tablet, ou telem\u00f3vel iOS. A emo\u00e7\u00e3o do jogo est\u00e1 mais f\u00e1cil de obter do que nunca!<\/p>\n<\/div><\/div><br \/>\n<div style=\"clear: both\"><\/div><div class=\"d-flex justify-content-center\"><button data-item=\"seo-link\" data-group=\"website_links\" class=\"goto fw-bold rounded-pill btn btn-orange\" aria-label=\"Baixe o aplicativo Nine Casino\" >Baixe o aplicativo Nine Casino<\/button><\/div><br \/>\n<div class=\"collapsed-wrap\"><div class=\"accordion\" id=\"accordion8\"><div class=\"accordion-item\"><button class=\"accordion-button collapsed\" type=\"button\" data-bs-toggle=\"collapse\" data-bs-target=\"#collapse80\" aria-expanded=\"false\" aria-controls=\"collapse80\">\n\t\t\t\t\t\t\t\t\t\t\tQuantos jogos existem para jogar no aplicativo NineCasino?\n\t\t\t\t\t\t\t\t\t\t  <\/button><div id=\"collapse80\" class=\"accordion-collapse collapse\" data-bs-parent=\"#accordion8\"><div class=\"accordion-body\">\n\t\t\t\t\t\t\t\t\t\t\tH\u00e1 mais de 5.000 jogos para jogar no aplicativo Nine Casino. Eles incluem centenas de slots com muitos temas populares que voc\u00ea certamente reconhecer\u00e1. Se esse n\u00e3o for seu m\u00e9todo preferido de jogo, voc\u00ea tamb\u00e9m pode tentar blackjack, p\u00f4quer de v\u00eddeo, roleta, bacar\u00e1, keno e muito mais. Sempre h\u00e1 novos jogos sendo adicionados, ent\u00e3o certifique-se de verificar o aplicativo com frequ\u00eancia para ver quais adi\u00e7\u00f5es emocionantes est\u00e3o esperando por voc\u00ea!\n\t\t\t\t\t\t\t\t\t\t  <\/div><\/div><\/div><div class=\"accordion-item\"><button class=\"accordion-button collapsed\" type=\"button\" data-bs-toggle=\"collapse\" data-bs-target=\"#collapse81\" aria-expanded=\"false\" aria-controls=\"collapse81\">\n\t\t\t\t\t\t\t\t\t\t\tH\u00e1 b\u00f4nus diferentes que posso aproveitar em momentos diferentes?\n\t\t\t\t\t\t\t\t\t\t  <\/button><div id=\"collapse81\" class=\"accordion-collapse collapse\" data-bs-parent=\"#accordion8\"><div class=\"accordion-body\">\n\t\t\t\t\t\t\t\t\t\t\tSim, sempre h\u00e1 b\u00f4nus diferentes sendo oferecidos. Voc\u00ea pode se inscrever e aproveitar um dos que est\u00e3o dispon\u00edveis naquele momento, mas em algumas semanas pode haver outros totalmente diferentes. Os administradores do site est\u00e3o sempre criando novas promo\u00e7\u00f5es emocionantes projetadas para tentar e seduzir nossos jogadores. Se voc\u00ea quiser saber qual ser\u00e1 o pr\u00f3ximo, ter\u00e1 que verificar o aplicativo com frequ\u00eancia.\n\t\t\t\t\t\t\t\t\t\t  <\/div><\/div><\/div><div class=\"accordion-item\"><button class=\"accordion-button collapsed\" type=\"button\" data-bs-toggle=\"collapse\" data-bs-target=\"#collapse82\" aria-expanded=\"false\" aria-controls=\"collapse82\">\n\t\t\t\t\t\t\t\t\t\t\tO que devo fazer se receber uma mensagem de erro que diz \u201cJogador j\u00e1 conectado\u201d?\n\t\t\t\t\t\t\t\t\t\t  <\/button><div id=\"collapse82\" class=\"accordion-collapse collapse\" data-bs-parent=\"#accordion8\"><div class=\"accordion-body\">\n\t\t\t\t\t\t\t\t\t\t\tVoc\u00ea pode ver essa mensagem ocasionalmente. Se voc\u00ea v\u00ea-la ao tentar fazer login na vers\u00e3o baixada do aplicativo, pode ser que voc\u00ea n\u00e3o tenha feito logout corretamente quando estava jogando a vers\u00e3o instant\u00e2nea. Se voc\u00ea voltar para a vers\u00e3o instant\u00e2nea e clicar onde diz \u201csair\u2019, isso deve resolver o problema. Se o problema persistir, nossa equipe pode sugerir maneiras alternativas de corrigir esse dilema.\n\t\t\t\t\t\t\t\t\t\t  <\/div><\/div><\/div><div class=\"accordion-item\"><button class=\"accordion-button collapsed\" type=\"button\" data-bs-toggle=\"collapse\" data-bs-target=\"#collapse83\" aria-expanded=\"false\" aria-controls=\"collapse83\">\n\t\t\t\t\t\t\t\t\t\t\tO que posso fazer se um dos jogos que estou jogando travar?\n\t\t\t\t\t\t\t\t\t\t  <\/button><div id=\"collapse83\" class=\"accordion-collapse collapse\" data-bs-parent=\"#accordion8\"><div class=\"accordion-body\">\n\t\t\t\t\t\t\t\t\t\t\tEmbora o aplicativo seja projetado para ser o mais suave poss\u00edvel, sempre h\u00e1 uma pequena chance de haver um mau funcionamento. Se isso acontecer, voc\u00ea pode desligar e reiniciar o telefone. Se isso n\u00e3o resolver o problema, voc\u00ea tamb\u00e9m pode excluir o aplicativo pressionando-o suavemente para que o menu apare\u00e7a. Deve haver uma op\u00e7\u00e3o no final para excluir o aplicativo. Ap\u00f3s fazer isso, voc\u00ea pode reinstal\u00e1-lo na App Store ou na Google Play Store, se estiver usando um dispositivo Android. Normalmente, isso deve retornar \u00e0 jogabilidade suave que voc\u00ea estava procurando.\n\t\t\t\t\t\t\t\t\t\t  <\/div><\/div><\/div><div class=\"accordion-item\"><button class=\"accordion-button collapsed\" type=\"button\" data-bs-toggle=\"collapse\" data-bs-target=\"#collapse84\" aria-expanded=\"false\" aria-controls=\"collapse84\">\n\t\t\t\t\t\t\t\t\t\t\tO que posso fazer se eu esquecer minha senha?\n\t\t\t\t\t\t\t\t\t\t  <\/button><div id=\"collapse84\" class=\"accordion-collapse collapse\" data-bs-parent=\"#accordion8\"><div class=\"accordion-body\">\n\t\t\t\t\t\t\t\t\t\t\tSe voc\u00ea n\u00e3o se lembrar da sua senha, precisar\u00e1 clicar na op\u00e7\u00e3o que diz \u201cEsqueceu sua senha?\u201d. Ela fica logo abaixo de onde voc\u00ea normalmente digitaria sua senha se a soubesse. Voc\u00ea dever\u00e1 ser solicitado a responder a uma pergunta secreta que voc\u00ea forneceu a resposta quando se inscreveu na plataforma. Ap\u00f3s fazer isso, voc\u00ea poder\u00e1 redefinir a senha e tamb\u00e9m receber\u00e1 um e-mail que confirma a nova. Observe que, por motivos de seguran\u00e7a, o Nine Casino n\u00e3o consegue manter um registro da sua senha.\n\t\t\t\t\t\t\t\t\t\t  <\/div><\/div><\/div><\/div><\/div><\/p>\n","protected":false},"excerpt":{"rendered":"<p>NineCasino App Jogadores inexperientes e experientes agora podem aproveitar o Ninecasino aplica\u00e7\u00e3o. Se voc\u00ea \u00e9 um entusiasta de jogos que quer jogar com uma experi\u00eancia real baseada em cassino em seu smartphone, agora voc\u00ea pode fazer isso. Este aplicativo \u00e9 realmente revolucion\u00e1rio. Indiv\u00edduos localizados em muitas regi\u00f5es agora podem ter uma experi\u00eancia imersiva que traz [&hellip;]<\/p>\n","protected":false},"author":1,"featured_media":0,"parent":0,"menu_order":0,"comment_status":"closed","ping_status":"closed","template":"template-builder.php","meta":{"_acf_changed":false,"inline_featured_image":false,"footnotes":""},"class_list":["post-1141","page","type-page","status-publish","hentry"],"acf":[],"yoast_head":"<!-- This site is optimized with the Yoast SEO plugin v27.4 - https:\/\/yoast.com\/product\/yoast-seo-wordpress\/ -->\n<title>Aplica\u00e7\u00e3o NineCasino \u2b50\ufe0f Descarregue a APK Nine Casino<\/title>\n<meta name=\"description\" content=\"Jogue os seus jogos favoritos em qualquer lugar! Descarregue a aplica\u00e7\u00e3o NineCasino APK para Android ou iOS e aceda no Windows ou Mac \u2705\" \/>\n<meta name=\"robots\" content=\"index, follow, max-snippet:-1, max-image-preview:large, max-video-preview:-1\" \/>\n<link rel=\"canonical\" href=\"https:\/\/ninecasinoplay.com\/pt-pt\/app\/\" \/>\n<meta property=\"og:locale\" content=\"pt_PT\" \/>\n<meta property=\"og:type\" content=\"article\" \/>\n<meta property=\"og:title\" content=\"Aplica\u00e7\u00e3o NineCasino \u2b50\ufe0f Descarregue a APK Nine Casino\" \/>\n<meta property=\"og:description\" content=\"Jogue os seus jogos favoritos em qualquer lugar! Descarregue a aplica\u00e7\u00e3o NineCasino APK para Android ou iOS e aceda no Windows ou Mac \u2705\" \/>\n<meta property=\"og:url\" content=\"https:\/\/ninecasinoplay.com\/pt-pt\/app\/\" \/>\n<meta property=\"og:site_name\" content=\"NineCasino\" \/>\n<meta property=\"article:modified_time\" content=\"2025-04-21T10:38:25+00:00\" \/>\n<meta property=\"og:image\" content=\"https:\/\/ninecasinoplay.com\/wp-content\/uploads\/2025\/04\/ninecasino-pt-.png\" \/>\n<meta name=\"twitter:card\" content=\"summary_large_image\" \/>\n<meta name=\"twitter:label1\" content=\"Est. reading time\" \/>\n\t<meta name=\"twitter:data1\" content=\"2 minutos\" \/>\n<script type=\"application\/ld+json\" class=\"yoast-schema-graph\">{\"@context\":\"https:\\\/\\\/schema.org\",\"@graph\":[{\"@type\":\"WebPage\",\"@id\":\"https:\\\/\\\/ninecasinoplay.com\\\/pt-pt\\\/app\\\/\",\"url\":\"https:\\\/\\\/ninecasinoplay.com\\\/pt-pt\\\/app\\\/\",\"name\":\"Aplica\u00e7\u00e3o NineCasino \u2b50\ufe0f Descarregue a APK Nine Casino\",\"isPartOf\":{\"@id\":\"https:\\\/\\\/ninecasinoplay.com\\\/pt-pt\\\/#website\"},\"primaryImageOfPage\":{\"@id\":\"https:\\\/\\\/ninecasinoplay.com\\\/pt-pt\\\/app\\\/#primaryimage\"},\"image\":{\"@id\":\"https:\\\/\\\/ninecasinoplay.com\\\/pt-pt\\\/app\\\/#primaryimage\"},\"thumbnailUrl\":\"https:\\\/\\\/ninecasinoplay.com\\\/wp-content\\\/uploads\\\/2025\\\/04\\\/ninecasino-pt-.png\",\"datePublished\":\"2024-10-27T13:48:15+00:00\",\"dateModified\":\"2025-04-21T10:38:25+00:00\",\"description\":\"Jogue os seus jogos favoritos em qualquer lugar! Descarregue a aplica\u00e7\u00e3o NineCasino APK para Android ou iOS e aceda no Windows ou Mac \u2705\",\"breadcrumb\":{\"@id\":\"https:\\\/\\\/ninecasinoplay.com\\\/pt-pt\\\/app\\\/#breadcrumb\"},\"inLanguage\":\"pt-PT\",\"potentialAction\":[{\"@type\":\"ReadAction\",\"target\":[\"https:\\\/\\\/ninecasinoplay.com\\\/pt-pt\\\/app\\\/\"]}]},{\"@type\":\"ImageObject\",\"inLanguage\":\"pt-PT\",\"@id\":\"https:\\\/\\\/ninecasinoplay.com\\\/pt-pt\\\/app\\\/#primaryimage\",\"url\":\"https:\\\/\\\/ninecasinoplay.com\\\/wp-content\\\/uploads\\\/2025\\\/04\\\/ninecasino-pt-.png\",\"contentUrl\":\"https:\\\/\\\/ninecasinoplay.com\\\/wp-content\\\/uploads\\\/2025\\\/04\\\/ninecasino-pt-.png\"},{\"@type\":\"BreadcrumbList\",\"@id\":\"https:\\\/\\\/ninecasinoplay.com\\\/pt-pt\\\/app\\\/#breadcrumb\",\"itemListElement\":[{\"@type\":\"ListItem\",\"position\":1,\"name\":\"Ninecasino\",\"item\":\"https:\\\/\\\/ninecasinoplay.com\\\/pt-pt\\\/\"},{\"@type\":\"ListItem\",\"position\":2,\"name\":\"Aplica\u00e7\u00e3o\"}]},{\"@type\":\"WebSite\",\"@id\":\"https:\\\/\\\/ninecasinoplay.com\\\/pt-pt\\\/#website\",\"url\":\"https:\\\/\\\/ninecasinoplay.com\\\/pt-pt\\\/\",\"name\":\"Ninecasino\",\"description\":\"\",\"publisher\":{\"@id\":\"https:\\\/\\\/ninecasinoplay.com\\\/pt-pt\\\/#organization\"},\"potentialAction\":[{\"@type\":\"SearchAction\",\"target\":{\"@type\":\"EntryPoint\",\"urlTemplate\":\"https:\\\/\\\/ninecasinoplay.com\\\/pt-pt\\\/?s={search_term_string}\"},\"query-input\":{\"@type\":\"PropertyValueSpecification\",\"valueRequired\":true,\"valueName\":\"search_term_string\"}}],\"inLanguage\":\"pt-PT\"},{\"@type\":\"Organization\",\"@id\":\"https:\\\/\\\/ninecasinoplay.com\\\/pt-pt\\\/#organization\",\"name\":\"Ninecasino\",\"url\":\"https:\\\/\\\/ninecasinoplay.com\\\/pt-pt\\\/\",\"logo\":{\"@type\":\"ImageObject\",\"inLanguage\":\"pt-PT\",\"@id\":\"https:\\\/\\\/ninecasinoplay.com\\\/pt-pt\\\/#\\\/schema\\\/logo\\\/image\\\/\",\"url\":\"https:\\\/\\\/ninecasinoplay.com\\\/wp-content\\\/uploads\\\/2024\\\/12\\\/logo-main.svg\",\"contentUrl\":\"https:\\\/\\\/ninecasinoplay.com\\\/wp-content\\\/uploads\\\/2024\\\/12\\\/logo-main.svg\",\"width\":135,\"height\":34,\"caption\":\"Ninecasino\"},\"image\":{\"@id\":\"https:\\\/\\\/ninecasinoplay.com\\\/pt-pt\\\/#\\\/schema\\\/logo\\\/image\\\/\"}}]}<\/script>\n<!-- \/ Yoast SEO plugin. -->","yoast_head_json":{"title":"Aplica\u00e7\u00e3o NineCasino \u2b50\ufe0f Descarregue a APK Nine Casino","description":"Jogue os seus jogos favoritos em qualquer lugar! Descarregue a aplica\u00e7\u00e3o NineCasino APK para Android ou iOS e aceda no Windows ou Mac \u2705","robots":{"index":"index","follow":"follow","max-snippet":"max-snippet:-1","max-image-preview":"max-image-preview:large","max-video-preview":"max-video-preview:-1"},"canonical":"https:\/\/ninecasinoplay.com\/pt-pt\/app\/","og_locale":"pt_PT","og_type":"article","og_title":"Aplica\u00e7\u00e3o NineCasino \u2b50\ufe0f Descarregue a APK Nine Casino","og_description":"Jogue os seus jogos favoritos em qualquer lugar! Descarregue a aplica\u00e7\u00e3o NineCasino APK para Android ou iOS e aceda no Windows ou Mac \u2705","og_url":"https:\/\/ninecasinoplay.com\/pt-pt\/app\/","og_site_name":"NineCasino","article_modified_time":"2025-04-21T10:38:25+00:00","og_image":[{"url":"https:\/\/ninecasinoplay.com\/wp-content\/uploads\/2025\/04\/ninecasino-pt-.png","type":"","width":"","height":""}],"twitter_card":"summary_large_image","twitter_misc":{"Est. reading time":"2 minutos"},"schema":{"@context":"https:\/\/schema.org","@graph":[{"@type":"WebPage","@id":"https:\/\/ninecasinoplay.com\/pt-pt\/app\/","url":"https:\/\/ninecasinoplay.com\/pt-pt\/app\/","name":"Aplica\u00e7\u00e3o NineCasino \u2b50\ufe0f Descarregue a APK Nine Casino","isPartOf":{"@id":"https:\/\/ninecasinoplay.com\/pt-pt\/#website"},"primaryImageOfPage":{"@id":"https:\/\/ninecasinoplay.com\/pt-pt\/app\/#primaryimage"},"image":{"@id":"https:\/\/ninecasinoplay.com\/pt-pt\/app\/#primaryimage"},"thumbnailUrl":"https:\/\/ninecasinoplay.com\/wp-content\/uploads\/2025\/04\/ninecasino-pt-.png","datePublished":"2024-10-27T13:48:15+00:00","dateModified":"2025-04-21T10:38:25+00:00","description":"Jogue os seus jogos favoritos em qualquer lugar! Descarregue a aplica\u00e7\u00e3o NineCasino APK para Android ou iOS e aceda no Windows ou Mac \u2705","breadcrumb":{"@id":"https:\/\/ninecasinoplay.com\/pt-pt\/app\/#breadcrumb"},"inLanguage":"pt-PT","potentialAction":[{"@type":"ReadAction","target":["https:\/\/ninecasinoplay.com\/pt-pt\/app\/"]}]},{"@type":"ImageObject","inLanguage":"pt-PT","@id":"https:\/\/ninecasinoplay.com\/pt-pt\/app\/#primaryimage","url":"https:\/\/ninecasinoplay.com\/wp-content\/uploads\/2025\/04\/ninecasino-pt-.png","contentUrl":"https:\/\/ninecasinoplay.com\/wp-content\/uploads\/2025\/04\/ninecasino-pt-.png"},{"@type":"BreadcrumbList","@id":"https:\/\/ninecasinoplay.com\/pt-pt\/app\/#breadcrumb","itemListElement":[{"@type":"ListItem","position":1,"name":"Ninecasino","item":"https:\/\/ninecasinoplay.com\/pt-pt\/"},{"@type":"ListItem","position":2,"name":"Aplica\u00e7\u00e3o"}]},{"@type":"WebSite","@id":"https:\/\/ninecasinoplay.com\/pt-pt\/#website","url":"https:\/\/ninecasinoplay.com\/pt-pt\/","name":"Ninecasino","description":"","publisher":{"@id":"https:\/\/ninecasinoplay.com\/pt-pt\/#organization"},"potentialAction":[{"@type":"SearchAction","target":{"@type":"EntryPoint","urlTemplate":"https:\/\/ninecasinoplay.com\/pt-pt\/?s={search_term_string}"},"query-input":{"@type":"PropertyValueSpecification","valueRequired":true,"valueName":"search_term_string"}}],"inLanguage":"pt-PT"},{"@type":"Organization","@id":"https:\/\/ninecasinoplay.com\/pt-pt\/#organization","name":"Ninecasino","url":"https:\/\/ninecasinoplay.com\/pt-pt\/","logo":{"@type":"ImageObject","inLanguage":"pt-PT","@id":"https:\/\/ninecasinoplay.com\/pt-pt\/#\/schema\/logo\/image\/","url":"https:\/\/ninecasinoplay.com\/wp-content\/uploads\/2024\/12\/logo-main.svg","contentUrl":"https:\/\/ninecasinoplay.com\/wp-content\/uploads\/2024\/12\/logo-main.svg","width":135,"height":34,"caption":"Ninecasino"},"image":{"@id":"https:\/\/ninecasinoplay.com\/pt-pt\/#\/schema\/logo\/image\/"}}]}},"_links":{"self":[{"href":"https:\/\/ninecasinoplay.com\/pt-pt\/wp-json\/wp\/v2\/pages\/1141","targetHints":{"allow":["GET"]}}],"collection":[{"href":"https:\/\/ninecasinoplay.com\/pt-pt\/wp-json\/wp\/v2\/pages"}],"about":[{"href":"https:\/\/ninecasinoplay.com\/pt-pt\/wp-json\/wp\/v2\/types\/page"}],"author":[{"embeddable":true,"href":"https:\/\/ninecasinoplay.com\/pt-pt\/wp-json\/wp\/v2\/users\/1"}],"replies":[{"embeddable":true,"href":"https:\/\/ninecasinoplay.com\/pt-pt\/wp-json\/wp\/v2\/comments?post=1141"}],"version-history":[{"count":5,"href":"https:\/\/ninecasinoplay.com\/pt-pt\/wp-json\/wp\/v2\/pages\/1141\/revisions"}],"predecessor-version":[{"id":1357,"href":"https:\/\/ninecasinoplay.com\/pt-pt\/wp-json\/wp\/v2\/pages\/1141\/revisions\/1357"}],"wp:attachment":[{"href":"https:\/\/ninecasinoplay.com\/pt-pt\/wp-json\/wp\/v2\/media?parent=1141"}],"curies":[{"name":"wp","href":"https:\/\/api.w.org\/{rel}","templated":true}]}}