{"id":1252,"date":"2024-10-27T11:38:29","date_gmt":"2024-10-27T11:38:29","guid":{"rendered":"https:\/\/ninecasinoplay.com\/privacy-policy\/"},"modified":"2025-04-11T12:50:51","modified_gmt":"2025-04-11T11:50:51","slug":"privacy-policy","status":"publish","type":"page","link":"https:\/\/ninecasinoplay.com\/pl\/privacy-policy\/","title":{"rendered":"Polityka prywatno\u015bci"},"content":{"rendered":"\r\n<h1 class=\"wp-block-heading\">Polityka prywatno\u015bci<\/h1>\r\n<h2>Kim jeste\u015bmy<\/h2>\r\n<p>Adres naszej strony internetowej: https:\/\/ninecasinoplay.com\/.<\/p>\r\n<h2>Komentarze<\/h2>\r\n<p>Gdy odwiedzaj\u0105cy zostawiaj\u0105 komentarze na stronie, zbieramy dane wy\u015bwietlane w formularzu komentarzy, a tak\u017ce adres IP odwiedzaj\u0105cego i ci\u0105g agenta u\u017cytkownika, aby pom\u00f3c w wykrywaniu spamu.<\/p>\r\n<p>Zanonimizowany ci\u0105g znak\u00f3w utworzony z adresu e-mail u\u017cytkownika (zwany r\u00f3wnie\u017c skr\u00f3tem) mo\u017ce zosta\u0107 przekazany do us\u0142ugi Gravatar w celu sprawdzenia, czy u\u017cytkownik z niej korzysta. Polityka prywatno\u015bci us\u0142ugi Gravatar jest dost\u0119pna tutaj: https:\/\/automattic.com\/privacy\/. Po zatwierdzeniu komentarza zdj\u0119cie profilowe b\u0119dzie widoczne publicznie w kontek\u015bcie komentarza.<\/p>\r\n<h2>Pliki multimedialne<\/h2>\r\n<p>Je\u015bli przesy\u0142asz obrazy do witryny, powiniene\u015b unika\u0107 przesy\u0142ania obraz\u00f3w z osadzonymi danymi lokalizacji (EXIF GPS). Odwiedzaj\u0105cy witryn\u0119 mog\u0105 pobiera\u0107 i wyodr\u0119bnia\u0107 wszelkie dane o lokalizacji z obraz\u00f3w w witrynie.<\/p>\r\n<h2>Pliki cookie<\/h2>\r\n<p>Je\u015bli zostawisz komentarz na naszej stronie, mo\u017cesz wyrazi\u0107 zgod\u0119 na zapisanie swojego imienia i nazwiska, adresu e-mail i strony internetowej w plikach cookie. Jest to dla Twojej wygody, aby\u015b nie musia\u0142 ponownie wype\u0142nia\u0107 swoich danych przy nast\u0119pnym komentarzu. Te pliki cookie b\u0119d\u0105 przechowywane przez 1 rok.<\/p>\r\n<p>Je\u015bli masz konto w witrynie i zalogujesz si\u0119, ustawimy tymczasowy plik cookie, aby okre\u015bli\u0107, czy Twoja przegl\u0105darka obs\u0142uguje pliki cookie, plik cookie nie zawiera danych osobowych i jest usuwany po zamkni\u0119ciu przegl\u0105darki.<\/p>\r\n<p>Podczas logowania ustawimy r\u00f3wnie\u017c kilka plik\u00f3w cookie, aby zapisa\u0107 informacje o logowaniu i ustawieniach ekranu. Pliki cookie logowania b\u0119d\u0105 przechowywane przez 2 dni, a pliki cookie ustawie\u0144 ekranu przez 1 rok. Je\u015bli wybierzesz opcj\u0119 \u201eZapami\u0119taj mnie\u201d, Twoje logowanie potrwa 2 tygodnie. Je\u015bli wylogujesz si\u0119 z konta, pliki cookie logowania zostan\u0105 usuni\u0119te.<\/p>\r\n<p>Je\u015bli edytujesz lub publikujesz artyku\u0142, w Twojej przegl\u0105darce zostanie zapisany dodatkowy plik cookie. Ten plik cookie nie zawiera \u017cadnych danych osobowych i po prostu wskazuje identyfikator posta artyku\u0142u, kt\u00f3ry w\u0142a\u015bnie edytowa\u0142e\u015b. Wygasa on za 1 dzie\u0144.<\/p>\r\n<h2>Osadzone tre\u015bci z innych stron internetowych<\/h2>\r\n<p>Artyku\u0142y na tej stronie mog\u0105 zawiera\u0107 osadzone tre\u015bci (np. filmy, obrazy, artyku\u0142y itp.). Osadzone tre\u015bci z innych witryn zachowuj\u0105 si\u0119 dok\u0142adnie tak samo, jak gdyby u\u017cytkownik odwiedzi\u0142 inn\u0105 witryn\u0119.<\/p>\r\n<p>Witryny te mog\u0105 gromadzi\u0107 dane o u\u017cytkowniku, u\u017cywa\u0107 plik\u00f3w cookie, osadza\u0107 aplikacje \u015bledz\u0105ce innych firm i \u015bledzi\u0107 interakcj\u0119 u\u017cytkownika z osadzon\u0105 zawarto\u015bci\u0105. W szczeg\u00f3lno\u015bci mog\u0105 \u015bledzi\u0107 interakcj\u0119 u\u017cytkownika z osadzonymi tre\u015bciami, je\u015bli u\u017cytkownik posiada konto i jest zalogowany w tej witrynie.<\/p>\r\n<h2>Komu udost\u0119pniamy dane u\u017cytkownika?<\/h2>\r\n<p>Je\u015bli u\u017cytkownik za\u017c\u0105da zresetowania has\u0142a, jego adres IP zostanie uwzgl\u0119dniony w wiadomo\u015bci e-mail z pro\u015bb\u0105 o zresetowanie has\u0142a.<\/p>\r\n<h2>Jak d\u0142ugo przechowujemy dane u\u017cytkownika?<\/h2>\r\n<p>Je\u015bli zostawisz komentarz, komentarz i jego metadane s\u0105 przechowywane przez czas nieokre\u015blony. Dzi\u0119ki temu mo\u017cemy automatycznie identyfikowa\u0107 i zatwierdza\u0107 kolejne komentarze, zamiast trzyma\u0107 je w kolejce moderacji.<\/p>\r\n<p>W przypadku u\u017cytkownik\u00f3w, kt\u00f3rzy zarejestruj\u0105 si\u0119 na naszej stronie (je\u015bli w og\u00f3le), przechowujemy dane osobowe, kt\u00f3re podaj\u0105 w swoim profilu u\u017cytkownika. Wszyscy u\u017cytkownicy mog\u0105 przegl\u0105da\u0107, edytowa\u0107 lub usuwa\u0107 swoje dane osobowe w dowolnym momencie (z wyj\u0105tkiem tego, \u017ce nie mog\u0105 zmieni\u0107 swojej nazwy u\u017cytkownika). Administratorzy witryny mog\u0105 r\u00f3wnie\u017c przegl\u0105da\u0107 i edytowa\u0107 te informacje.<\/p>\r\n<h2>Jakie s\u0105 prawa u\u017cytkownika dotycz\u0105ce jego danych?<\/h2>\r\n<p>Je\u015bli masz konto na tej stronie lub zostawi\u0142e\u015b komentarze, mo\u017cesz poprosi\u0107 o otrzymanie wyeksportowanego pliku danych osobowych, kt\u00f3re przechowujemy na Tw\u00f3j temat, w tym wszelkich danych, kt\u00f3re nam przekaza\u0142e\u015b. U\u017cytkownik mo\u017ce r\u00f3wnie\u017c za\u017c\u0105da\u0107 usuni\u0119cia wszelkich przechowywanych przez nas jego danych osobowych. Nie obejmuje to \u017cadnych danych, kt\u00f3re musimy przechowywa\u0107 do cel\u00f3w administracyjnych, prawnych lub bezpiecze\u0144stwa.<\/p>\r\n<h2>Gdzie przesy\u0142ane s\u0105 dane u\u017cytkownika<\/h2>\r\n<p>Komentarze odwiedzaj\u0105cych mog\u0105 by\u0107 sprawdzane przez zautomatyzowan\u0105 us\u0142ug\u0119 wykrywania spamu.<\/p>\r\n","protected":false},"excerpt":{"rendered":"<p>Polityka prywatno\u015bci Kim jeste\u015bmy Adres naszej strony internetowej: https:\/\/ninecasinoplay.com\/. Komentarze Gdy odwiedzaj\u0105cy zostawiaj\u0105 komentarze na stronie, zbieramy dane wy\u015bwietlane w formularzu komentarzy, a tak\u017ce adres IP odwiedzaj\u0105cego i ci\u0105g agenta u\u017cytkownika, aby pom\u00f3c w wykrywaniu spamu. Zanonimizowany ci\u0105g znak\u00f3w utworzony z adresu e-mail u\u017cytkownika (zwany r\u00f3wnie\u017c skr\u00f3tem) mo\u017ce zosta\u0107 przekazany do us\u0142ugi Gravatar w celu [&hellip;]<\/p>\n","protected":false},"author":1,"featured_media":0,"parent":0,"menu_order":0,"comment_status":"closed","ping_status":"open","template":"template-builder.php","meta":{"_acf_changed":false,"inline_featured_image":false,"footnotes":""},"class_list":["post-1252","page","type-page","status-publish","hentry"],"acf":[],"yoast_head":"<!-- This site is optimized with the Yoast SEO plugin v27.3 - https:\/\/yoast.com\/product\/yoast-seo-wordpress\/ -->\n<title>Polityka prywatno\u015bci<\/title>\n<meta name=\"description\" content=\"Odkryj polityk\u0119 prywatno\u015bci Nine Casino: w jaki spos\u00f3b Twoje dane osobowe s\u0105 gromadzone, wykorzystywane i chronione, aby zapewni\u0107 bezpieczne wra\u017cenia z gry.\" \/>\n<meta name=\"robots\" content=\"noindex, follow\" \/>\n<meta property=\"og:locale\" content=\"pl_PL\" \/>\n<meta property=\"og:type\" content=\"article\" \/>\n<meta property=\"og:title\" content=\"Polityka prywatno\u015bci\" \/>\n<meta property=\"og:description\" content=\"Odkryj polityk\u0119 prywatno\u015bci Nine Casino: w jaki spos\u00f3b Twoje dane osobowe s\u0105 gromadzone, wykorzystywane i chronione, aby zapewni\u0107 bezpieczne wra\u017cenia z gry.\" \/>\n<meta property=\"og:url\" content=\"https:\/\/ninecasinoplay.com\/pl\/privacy-policy\/\" \/>\n<meta property=\"og:site_name\" content=\"NineCasino\" \/>\n<meta property=\"article:modified_time\" content=\"2025-04-11T11:50:51+00:00\" \/>\n<meta name=\"twitter:card\" content=\"summary_large_image\" \/>\n<meta name=\"twitter:label1\" content=\"Est. reading time\" \/>\n\t<meta name=\"twitter:data1\" content=\"3 minuty\" \/>\n<script type=\"application\/ld+json\" class=\"yoast-schema-graph\">{\"@context\":\"https:\\\/\\\/schema.org\",\"@graph\":[{\"@type\":\"WebPage\",\"@id\":\"https:\\\/\\\/ninecasinoplay.com\\\/pl\\\/privacy-policy\\\/\",\"url\":\"https:\\\/\\\/ninecasinoplay.com\\\/pl\\\/privacy-policy\\\/\",\"name\":\"Polityka prywatno\u015bci\",\"isPartOf\":{\"@id\":\"https:\\\/\\\/ninecasinoplay.com\\\/pl\\\/#website\"},\"datePublished\":\"2024-10-27T11:38:29+00:00\",\"dateModified\":\"2025-04-11T11:50:51+00:00\",\"description\":\"Odkryj polityk\u0119 prywatno\u015bci Nine Casino: w jaki spos\u00f3b Twoje dane osobowe s\u0105 gromadzone, wykorzystywane i chronione, aby zapewni\u0107 bezpieczne wra\u017cenia z gry.\",\"breadcrumb\":{\"@id\":\"https:\\\/\\\/ninecasinoplay.com\\\/pl\\\/privacy-policy\\\/#breadcrumb\"},\"inLanguage\":\"pl-PL\",\"potentialAction\":[{\"@type\":\"ReadAction\",\"target\":[\"https:\\\/\\\/ninecasinoplay.com\\\/pl\\\/privacy-policy\\\/\"]}]},{\"@type\":\"BreadcrumbList\",\"@id\":\"https:\\\/\\\/ninecasinoplay.com\\\/pl\\\/privacy-policy\\\/#breadcrumb\",\"itemListElement\":[{\"@type\":\"ListItem\",\"position\":1,\"name\":\"Ninecasino\",\"item\":\"https:\\\/\\\/ninecasinoplay.com\\\/pl\\\/\"},{\"@type\":\"ListItem\",\"position\":2,\"name\":\"Polityka prywatno\u015bci\"}]},{\"@type\":\"WebSite\",\"@id\":\"https:\\\/\\\/ninecasinoplay.com\\\/pl\\\/#website\",\"url\":\"https:\\\/\\\/ninecasinoplay.com\\\/pl\\\/\",\"name\":\"Ninecasino\",\"description\":\"\",\"publisher\":{\"@id\":\"https:\\\/\\\/ninecasinoplay.com\\\/pl\\\/#organization\"},\"potentialAction\":[{\"@type\":\"SearchAction\",\"target\":{\"@type\":\"EntryPoint\",\"urlTemplate\":\"https:\\\/\\\/ninecasinoplay.com\\\/pl\\\/?s={search_term_string}\"},\"query-input\":{\"@type\":\"PropertyValueSpecification\",\"valueRequired\":true,\"valueName\":\"search_term_string\"}}],\"inLanguage\":\"pl-PL\"},{\"@type\":\"Organization\",\"@id\":\"https:\\\/\\\/ninecasinoplay.com\\\/pl\\\/#organization\",\"name\":\"Ninecasino\",\"url\":\"https:\\\/\\\/ninecasinoplay.com\\\/pl\\\/\",\"logo\":{\"@type\":\"ImageObject\",\"inLanguage\":\"pl-PL\",\"@id\":\"https:\\\/\\\/ninecasinoplay.com\\\/pl\\\/#\\\/schema\\\/logo\\\/image\\\/\",\"url\":\"https:\\\/\\\/ninecasinoplay.com\\\/wp-content\\\/uploads\\\/2024\\\/12\\\/logo-main.svg\",\"contentUrl\":\"https:\\\/\\\/ninecasinoplay.com\\\/wp-content\\\/uploads\\\/2024\\\/12\\\/logo-main.svg\",\"width\":135,\"height\":34,\"caption\":\"Ninecasino\"},\"image\":{\"@id\":\"https:\\\/\\\/ninecasinoplay.com\\\/pl\\\/#\\\/schema\\\/logo\\\/image\\\/\"}}]}<\/script>\n<!-- \/ Yoast SEO plugin. -->","yoast_head_json":{"title":"Polityka prywatno\u015bci","description":"Odkryj polityk\u0119 prywatno\u015bci Nine Casino: w jaki spos\u00f3b Twoje dane osobowe s\u0105 gromadzone, wykorzystywane i chronione, aby zapewni\u0107 bezpieczne wra\u017cenia z gry.","robots":{"index":"noindex","follow":"follow"},"og_locale":"pl_PL","og_type":"article","og_title":"Polityka prywatno\u015bci","og_description":"Odkryj polityk\u0119 prywatno\u015bci Nine Casino: w jaki spos\u00f3b Twoje dane osobowe s\u0105 gromadzone, wykorzystywane i chronione, aby zapewni\u0107 bezpieczne wra\u017cenia z gry.","og_url":"https:\/\/ninecasinoplay.com\/pl\/privacy-policy\/","og_site_name":"NineCasino","article_modified_time":"2025-04-11T11:50:51+00:00","twitter_card":"summary_large_image","twitter_misc":{"Est. reading time":"3 minuty"},"schema":{"@context":"https:\/\/schema.org","@graph":[{"@type":"WebPage","@id":"https:\/\/ninecasinoplay.com\/pl\/privacy-policy\/","url":"https:\/\/ninecasinoplay.com\/pl\/privacy-policy\/","name":"Polityka prywatno\u015bci","isPartOf":{"@id":"https:\/\/ninecasinoplay.com\/pl\/#website"},"datePublished":"2024-10-27T11:38:29+00:00","dateModified":"2025-04-11T11:50:51+00:00","description":"Odkryj polityk\u0119 prywatno\u015bci Nine Casino: w jaki spos\u00f3b Twoje dane osobowe s\u0105 gromadzone, wykorzystywane i chronione, aby zapewni\u0107 bezpieczne wra\u017cenia z gry.","breadcrumb":{"@id":"https:\/\/ninecasinoplay.com\/pl\/privacy-policy\/#breadcrumb"},"inLanguage":"pl-PL","potentialAction":[{"@type":"ReadAction","target":["https:\/\/ninecasinoplay.com\/pl\/privacy-policy\/"]}]},{"@type":"BreadcrumbList","@id":"https:\/\/ninecasinoplay.com\/pl\/privacy-policy\/#breadcrumb","itemListElement":[{"@type":"ListItem","position":1,"name":"Ninecasino","item":"https:\/\/ninecasinoplay.com\/pl\/"},{"@type":"ListItem","position":2,"name":"Polityka prywatno\u015bci"}]},{"@type":"WebSite","@id":"https:\/\/ninecasinoplay.com\/pl\/#website","url":"https:\/\/ninecasinoplay.com\/pl\/","name":"Ninecasino","description":"","publisher":{"@id":"https:\/\/ninecasinoplay.com\/pl\/#organization"},"potentialAction":[{"@type":"SearchAction","target":{"@type":"EntryPoint","urlTemplate":"https:\/\/ninecasinoplay.com\/pl\/?s={search_term_string}"},"query-input":{"@type":"PropertyValueSpecification","valueRequired":true,"valueName":"search_term_string"}}],"inLanguage":"pl-PL"},{"@type":"Organization","@id":"https:\/\/ninecasinoplay.com\/pl\/#organization","name":"Ninecasino","url":"https:\/\/ninecasinoplay.com\/pl\/","logo":{"@type":"ImageObject","inLanguage":"pl-PL","@id":"https:\/\/ninecasinoplay.com\/pl\/#\/schema\/logo\/image\/","url":"https:\/\/ninecasinoplay.com\/wp-content\/uploads\/2024\/12\/logo-main.svg","contentUrl":"https:\/\/ninecasinoplay.com\/wp-content\/uploads\/2024\/12\/logo-main.svg","width":135,"height":34,"caption":"Ninecasino"},"image":{"@id":"https:\/\/ninecasinoplay.com\/pl\/#\/schema\/logo\/image\/"}}]}},"_links":{"self":[{"href":"https:\/\/ninecasinoplay.com\/pl\/wp-json\/wp\/v2\/pages\/1252","targetHints":{"allow":["GET"]}}],"collection":[{"href":"https:\/\/ninecasinoplay.com\/pl\/wp-json\/wp\/v2\/pages"}],"about":[{"href":"https:\/\/ninecasinoplay.com\/pl\/wp-json\/wp\/v2\/types\/page"}],"author":[{"embeddable":true,"href":"https:\/\/ninecasinoplay.com\/pl\/wp-json\/wp\/v2\/users\/1"}],"replies":[{"embeddable":true,"href":"https:\/\/ninecasinoplay.com\/pl\/wp-json\/wp\/v2\/comments?post=1252"}],"version-history":[{"count":2,"href":"https:\/\/ninecasinoplay.com\/pl\/wp-json\/wp\/v2\/pages\/1252\/revisions"}],"predecessor-version":[{"id":1258,"href":"https:\/\/ninecasinoplay.com\/pl\/wp-json\/wp\/v2\/pages\/1252\/revisions\/1258"}],"wp:attachment":[{"href":"https:\/\/ninecasinoplay.com\/pl\/wp-json\/wp\/v2\/media?parent=1252"}],"curies":[{"name":"wp","href":"https:\/\/api.w.org\/{rel}","templated":true}]}}