{"id":1247,"date":"2024-10-27T13:48:15","date_gmt":"2024-10-27T13:48:15","guid":{"rendered":"https:\/\/ninecasinoplay.com\/contact\/"},"modified":"2025-04-11T12:43:41","modified_gmt":"2025-04-11T11:43:41","slug":"contact","status":"publish","type":"page","link":"https:\/\/ninecasinoplay.com\/pl\/contact\/","title":{"rendered":"Kontakt"},"content":{"rendered":"<h1>Kontakt<\/h1>\n<p>Je\u015bli potrzebujesz informacji lub pomocy, skontaktuj si\u0119 z nami, wype\u0142niaj\u0105c poni\u017cszy formularz. Nasz zesp\u00f3\u0142 jest gotowy do pomocy i niezw\u0142ocznie si\u0119 z Tob\u0105 skontaktuje.<\/p>\n<p class=\"wpcf7-contact-form-not-found\"><strong>Error:<\/strong> Contact form not found.<\/p>\n","protected":false},"excerpt":{"rendered":"<p>Kontakt Je\u015bli potrzebujesz informacji lub pomocy, skontaktuj si\u0119 z nami, wype\u0142niaj\u0105c poni\u017cszy formularz. Nasz zesp\u00f3\u0142 jest gotowy do pomocy i niezw\u0142ocznie si\u0119 z Tob\u0105 skontaktuje.<\/p>\n","protected":false},"author":1,"featured_media":0,"parent":0,"menu_order":0,"comment_status":"closed","ping_status":"closed","template":"template-builder.php","meta":{"_acf_changed":false,"inline_featured_image":false,"footnotes":""},"class_list":["post-1247","page","type-page","status-publish","hentry"],"acf":[],"yoast_head":"<!-- This site is optimized with the Yoast SEO plugin v27.4 - https:\/\/yoast.com\/product\/yoast-seo-wordpress\/ -->\n<title>Kontakt<\/title>\n<meta name=\"description\" content=\"Skontaktuj si\u0119 z Nine Casino w przypadku jakichkolwiek pyta\u0144 lub pomocy. Wype\u0142nij formularz, a nasz zesp\u00f3\u0142 wsparcia skontaktuje si\u0119 z Tob\u0105 niezw\u0142ocznie, aby rozwia\u0107 Twoje w\u0105tpliwo\u015bci.\" \/>\n<meta name=\"robots\" content=\"index, follow, max-snippet:-1, max-image-preview:large, max-video-preview:-1\" \/>\n<link rel=\"canonical\" href=\"https:\/\/ninecasinoplay.com\/pl\/contact\/\" \/>\n<meta property=\"og:locale\" content=\"pl_PL\" \/>\n<meta property=\"og:type\" content=\"article\" \/>\n<meta property=\"og:title\" content=\"Kontakt\" \/>\n<meta property=\"og:description\" content=\"Skontaktuj si\u0119 z Nine Casino w przypadku jakichkolwiek pyta\u0144 lub pomocy. Wype\u0142nij formularz, a nasz zesp\u00f3\u0142 wsparcia skontaktuje si\u0119 z Tob\u0105 niezw\u0142ocznie, aby rozwia\u0107 Twoje w\u0105tpliwo\u015bci.\" \/>\n<meta property=\"og:url\" content=\"https:\/\/ninecasinoplay.com\/pl\/contact\/\" \/>\n<meta property=\"og:site_name\" content=\"NineCasino\" \/>\n<meta property=\"article:modified_time\" content=\"2025-04-11T11:43:41+00:00\" \/>\n<meta name=\"twitter:card\" content=\"summary_large_image\" \/>\n<meta name=\"twitter:label1\" content=\"Est. reading time\" \/>\n\t<meta name=\"twitter:data1\" content=\"1 minuta\" \/>\n<script type=\"application\/ld+json\" class=\"yoast-schema-graph\">{\"@context\":\"https:\\\/\\\/schema.org\",\"@graph\":[{\"@type\":\"WebPage\",\"@id\":\"https:\\\/\\\/ninecasinoplay.com\\\/pl\\\/contact\\\/\",\"url\":\"https:\\\/\\\/ninecasinoplay.com\\\/pl\\\/contact\\\/\",\"name\":\"Kontakt\",\"isPartOf\":{\"@id\":\"https:\\\/\\\/ninecasinoplay.com\\\/pl\\\/#website\"},\"datePublished\":\"2024-10-27T13:48:15+00:00\",\"dateModified\":\"2025-04-11T11:43:41+00:00\",\"description\":\"Skontaktuj si\u0119 z Nine Casino w przypadku jakichkolwiek pyta\u0144 lub pomocy. Wype\u0142nij formularz, a nasz zesp\u00f3\u0142 wsparcia skontaktuje si\u0119 z Tob\u0105 niezw\u0142ocznie, aby rozwia\u0107 Twoje w\u0105tpliwo\u015bci.\",\"breadcrumb\":{\"@id\":\"https:\\\/\\\/ninecasinoplay.com\\\/pl\\\/contact\\\/#breadcrumb\"},\"inLanguage\":\"pl-PL\",\"potentialAction\":[{\"@type\":\"ReadAction\",\"target\":[\"https:\\\/\\\/ninecasinoplay.com\\\/pl\\\/contact\\\/\"]}]},{\"@type\":\"BreadcrumbList\",\"@id\":\"https:\\\/\\\/ninecasinoplay.com\\\/pl\\\/contact\\\/#breadcrumb\",\"itemListElement\":[{\"@type\":\"ListItem\",\"position\":1,\"name\":\"Ninecasino\",\"item\":\"https:\\\/\\\/ninecasinoplay.com\\\/pl\\\/\"},{\"@type\":\"ListItem\",\"position\":2,\"name\":\"Kontakt\"}]},{\"@type\":\"WebSite\",\"@id\":\"https:\\\/\\\/ninecasinoplay.com\\\/pl\\\/#website\",\"url\":\"https:\\\/\\\/ninecasinoplay.com\\\/pl\\\/\",\"name\":\"Ninecasino\",\"description\":\"\",\"publisher\":{\"@id\":\"https:\\\/\\\/ninecasinoplay.com\\\/pl\\\/#organization\"},\"potentialAction\":[{\"@type\":\"SearchAction\",\"target\":{\"@type\":\"EntryPoint\",\"urlTemplate\":\"https:\\\/\\\/ninecasinoplay.com\\\/pl\\\/?s={search_term_string}\"},\"query-input\":{\"@type\":\"PropertyValueSpecification\",\"valueRequired\":true,\"valueName\":\"search_term_string\"}}],\"inLanguage\":\"pl-PL\"},{\"@type\":\"Organization\",\"@id\":\"https:\\\/\\\/ninecasinoplay.com\\\/pl\\\/#organization\",\"name\":\"Ninecasino\",\"url\":\"https:\\\/\\\/ninecasinoplay.com\\\/pl\\\/\",\"logo\":{\"@type\":\"ImageObject\",\"inLanguage\":\"pl-PL\",\"@id\":\"https:\\\/\\\/ninecasinoplay.com\\\/pl\\\/#\\\/schema\\\/logo\\\/image\\\/\",\"url\":\"https:\\\/\\\/ninecasinoplay.com\\\/wp-content\\\/uploads\\\/2024\\\/12\\\/logo-main.svg\",\"contentUrl\":\"https:\\\/\\\/ninecasinoplay.com\\\/wp-content\\\/uploads\\\/2024\\\/12\\\/logo-main.svg\",\"width\":135,\"height\":34,\"caption\":\"Ninecasino\"},\"image\":{\"@id\":\"https:\\\/\\\/ninecasinoplay.com\\\/pl\\\/#\\\/schema\\\/logo\\\/image\\\/\"}}]}<\/script>\n<!-- \/ Yoast SEO plugin. -->","yoast_head_json":{"title":"Kontakt","description":"Skontaktuj si\u0119 z Nine Casino w przypadku jakichkolwiek pyta\u0144 lub pomocy. Wype\u0142nij formularz, a nasz zesp\u00f3\u0142 wsparcia skontaktuje si\u0119 z Tob\u0105 niezw\u0142ocznie, aby rozwia\u0107 Twoje w\u0105tpliwo\u015bci.","robots":{"index":"index","follow":"follow","max-snippet":"max-snippet:-1","max-image-preview":"max-image-preview:large","max-video-preview":"max-video-preview:-1"},"canonical":"https:\/\/ninecasinoplay.com\/pl\/contact\/","og_locale":"pl_PL","og_type":"article","og_title":"Kontakt","og_description":"Skontaktuj si\u0119 z Nine Casino w przypadku jakichkolwiek pyta\u0144 lub pomocy. Wype\u0142nij formularz, a nasz zesp\u00f3\u0142 wsparcia skontaktuje si\u0119 z Tob\u0105 niezw\u0142ocznie, aby rozwia\u0107 Twoje w\u0105tpliwo\u015bci.","og_url":"https:\/\/ninecasinoplay.com\/pl\/contact\/","og_site_name":"NineCasino","article_modified_time":"2025-04-11T11:43:41+00:00","twitter_card":"summary_large_image","twitter_misc":{"Est. reading time":"1 minuta"},"schema":{"@context":"https:\/\/schema.org","@graph":[{"@type":"WebPage","@id":"https:\/\/ninecasinoplay.com\/pl\/contact\/","url":"https:\/\/ninecasinoplay.com\/pl\/contact\/","name":"Kontakt","isPartOf":{"@id":"https:\/\/ninecasinoplay.com\/pl\/#website"},"datePublished":"2024-10-27T13:48:15+00:00","dateModified":"2025-04-11T11:43:41+00:00","description":"Skontaktuj si\u0119 z Nine Casino w przypadku jakichkolwiek pyta\u0144 lub pomocy. Wype\u0142nij formularz, a nasz zesp\u00f3\u0142 wsparcia skontaktuje si\u0119 z Tob\u0105 niezw\u0142ocznie, aby rozwia\u0107 Twoje w\u0105tpliwo\u015bci.","breadcrumb":{"@id":"https:\/\/ninecasinoplay.com\/pl\/contact\/#breadcrumb"},"inLanguage":"pl-PL","potentialAction":[{"@type":"ReadAction","target":["https:\/\/ninecasinoplay.com\/pl\/contact\/"]}]},{"@type":"BreadcrumbList","@id":"https:\/\/ninecasinoplay.com\/pl\/contact\/#breadcrumb","itemListElement":[{"@type":"ListItem","position":1,"name":"Ninecasino","item":"https:\/\/ninecasinoplay.com\/pl\/"},{"@type":"ListItem","position":2,"name":"Kontakt"}]},{"@type":"WebSite","@id":"https:\/\/ninecasinoplay.com\/pl\/#website","url":"https:\/\/ninecasinoplay.com\/pl\/","name":"Ninecasino","description":"","publisher":{"@id":"https:\/\/ninecasinoplay.com\/pl\/#organization"},"potentialAction":[{"@type":"SearchAction","target":{"@type":"EntryPoint","urlTemplate":"https:\/\/ninecasinoplay.com\/pl\/?s={search_term_string}"},"query-input":{"@type":"PropertyValueSpecification","valueRequired":true,"valueName":"search_term_string"}}],"inLanguage":"pl-PL"},{"@type":"Organization","@id":"https:\/\/ninecasinoplay.com\/pl\/#organization","name":"Ninecasino","url":"https:\/\/ninecasinoplay.com\/pl\/","logo":{"@type":"ImageObject","inLanguage":"pl-PL","@id":"https:\/\/ninecasinoplay.com\/pl\/#\/schema\/logo\/image\/","url":"https:\/\/ninecasinoplay.com\/wp-content\/uploads\/2024\/12\/logo-main.svg","contentUrl":"https:\/\/ninecasinoplay.com\/wp-content\/uploads\/2024\/12\/logo-main.svg","width":135,"height":34,"caption":"Ninecasino"},"image":{"@id":"https:\/\/ninecasinoplay.com\/pl\/#\/schema\/logo\/image\/"}}]}},"_links":{"self":[{"href":"https:\/\/ninecasinoplay.com\/pl\/wp-json\/wp\/v2\/pages\/1247","targetHints":{"allow":["GET"]}}],"collection":[{"href":"https:\/\/ninecasinoplay.com\/pl\/wp-json\/wp\/v2\/pages"}],"about":[{"href":"https:\/\/ninecasinoplay.com\/pl\/wp-json\/wp\/v2\/types\/page"}],"author":[{"embeddable":true,"href":"https:\/\/ninecasinoplay.com\/pl\/wp-json\/wp\/v2\/users\/1"}],"replies":[{"embeddable":true,"href":"https:\/\/ninecasinoplay.com\/pl\/wp-json\/wp\/v2\/comments?post=1247"}],"version-history":[{"count":1,"href":"https:\/\/ninecasinoplay.com\/pl\/wp-json\/wp\/v2\/pages\/1247\/revisions"}],"predecessor-version":[{"id":1254,"href":"https:\/\/ninecasinoplay.com\/pl\/wp-json\/wp\/v2\/pages\/1247\/revisions\/1254"}],"wp:attachment":[{"href":"https:\/\/ninecasinoplay.com\/pl\/wp-json\/wp\/v2\/media?parent=1247"}],"curies":[{"name":"wp","href":"https:\/\/api.w.org\/{rel}","templated":true}]}}