{"id":1194,"date":"2025-04-08T13:30:14","date_gmt":"2025-04-08T12:30:14","guid":{"rendered":"https:\/\/ninecasinoplay.com\/?page_id=1194"},"modified":"2025-07-15T13:28:53","modified_gmt":"2025-07-15T12:28:53","slug":"lapplicazione","status":"publish","type":"page","link":"https:\/\/ninecasinoplay.com\/it\/lapplicazione\/","title":{"rendered":"L\u2019applicazione"},"content":{"rendered":"<h1>L\u2019App NineCasino<\/h1>\n<p>I giocatori occasionali e quelli pi\u00f9 esperti possono ora divertirsi con l&#8217;applicazione NineCasino. Se sei un appassionato di giochi che desidera vivere un&#8217;esperienza da vero casin\u00f2 sul proprio smartphone, ora puoi farlo.<\/p>\n<p>Questa applicazione \u00e8 davvero rivoluzionaria. Le persone situate in varie regioni possono ora vivere un&#8217;esperienza coinvolgente che offre tutte le emozioni di un vero casin\u00f2. La selezione di giochi \u00e8 straordinaria. Un mondo virtuale di intrattenimento online ti aspetta.<\/p>\n<p>Fatto il semplice download dell\u2019app Nine Casino, puoi giocare in luoghi svariati, come per esempio:<\/p>\n<ul>\n<li aria-level=\"1\">Casa tua<\/li>\n<li aria-level=\"1\">La lavanderia<\/li>\n<li aria-level=\"1\">Il bar<\/li>\n<li aria-level=\"1\">Sui trasporti pubblici<\/li>\n<li aria-level=\"1\">Mentre aspetti il tuo ordine da asporto in un ristorante<\/li>\n<li aria-level=\"1\">Mentre aspetti che ti chiamino allo studio del medico<\/li>\n<li aria-level=\"1\">Ovunque tu possa immaginare<\/li>\n<\/ul>\n<p>Il mondo del gioco online sta per aprirsi per te come mai prima d\u2019ora. Abbiamo progettato questa applicazione pensando all\u2019utente moderno e attento ai dettagli. Dal menu laterale ai colori, fino ai suoni, abbiamo voluto creare un&#8217;esperienza che ti immerga in un&#8217;interfaccia di gioco con estetica ottimale, funzionalit\u00e0 di sicurezza e gameplay coinvolgente.<\/p>\n<p>Qualunque sia il tuo gioco preferito, puoi essere certo che la piattaforma mobile di NineCasino lo offre!<\/p>\n<p><div class=\"banner-wrap\" aria-label=\"Banner\"><img src=\"https:\/\/ninecasinoplay.com\/wp-content\/uploads\/2024\/10\/header-bg.png\" class=\"w-100 d-none d-lg-block img-pc main-banner-img\" alt=\"play nine casino\" fetchpriority=\"high\" decoding=\"async\"><img src=\"https:\/\/ninecasinoplay.com\/wp-content\/uploads\/2024\/10\/header-bg-mobile_2x.png\" class=\"w-100 d-none d-md-block d-lg-none main-banner-img\" alt=\"download nine casino app\" fetchpriority=\"high\" decoding=\"async\"><img src=\"https:\/\/ninecasinoplay.com\/wp-content\/uploads\/2024\/10\/header-bg-mobile_2x.png\" class=\"w-100 d-md-none\" alt=\"download nine casino app\" fetchpriority=\"high\" decoding=\"async\"><div class=\"banner-description\">\n<div class=\"banner-title\">Bonus di benvenuto<\/div>\n<p class=\"banner-header-title\">450 \u20ac<\/p>\n<div class=\"banner-header-AdditionalText\">+ 250 giri gratuiti<\/div>\n<button data-item=\"homepage_banner_link\" class=\"goto m-button m-gradient-border m-button--primary m-button--large banner-button btn-orange\">\n            <div class=\"m-button-content\">\n                <span>Registrati ora<\/span>\n                <span><\/span>\n            <\/div>\n        <\/button>\n<\/div>\n<div class=\"WelcomePack\">\n<p><img decoding=\"async\" src=\"https:\/\/cdn.aramuz.net\/front\/components\/home\/welcome-crown.svg\" alt=\"\" \/><\/p>\n<div class=\"WelcomePack-Info\">Cashback settimanale fino al 25%<\/div>\n<p><img decoding=\"async\" src=\"https:\/\/cdn.aramuz.net\/front\/components\/home\/welcome-crown.svg\" alt=\"\" \/><\/p>\n<\/div>\n<\/div><div class=\"scrollable-content-wrap my-5\"><div class=\"scrollable-content-inner\"><h2>Funzionalit\u00e0 chiave<\/h2>\n<p>Ci sono delle funzionalit\u00e0 chiave che noterai su NineCasino che ci distinguono dai concorrenti. Ad esempio:<\/p>\n<ul>\n<li aria-level=\"1\">Una volta online, troverai un&#8217;intuitiva esperienza utente sulla piattaforma. Puoi navigare facilmente tra le opzioni di gioco e scegliere quella che ti attira di pi\u00f9.<\/li>\n<li aria-level=\"1\">Tutti gli utenti dell&#8217;app hanno accesso a offerte bonus esclusive per la loro regione.<\/li>\n<li aria-level=\"1\">Ci sono tornei giornalieri che ti offrono la possibilit\u00e0 di vincere favolosi premi in denaro.<\/li>\n<li aria-level=\"1\">Abbiamo uno dei sistemi di crittografia pi\u00f9 sofisticati, in modo che tutte le informazioni riservate che ci fornisci rimangano sempre solo tue.<\/li>\n<li aria-level=\"1\">Puoi fare depositi e prelievi in modo rapido e facile. Accettiamo e offriamo una vasta gamma di metodi di pagamento.<\/li>\n<li aria-level=\"1\">Abbiamo collaborato con alcuni dei designer di giochi pi\u00f9 influenti del mercato, tra cui Play\u2019n Go, MicroGaming e Nettent.<\/li>\n<li aria-level=\"1\">Nuovi giochi vengono costantemente aggiunti all&#8217;app, quindi assicurati di visitarla regolarmente per scoprire le novit\u00e0.<\/li>\n<\/ul>\n<p>L&#8217;esperienza mobile di Nine Casino per i giocatori sta cambiando il gioco online. Quando vi accedi vedrai quanto pu\u00f2 essere divertente, pratico e emozionante immergersi nel mondo incantevole del gioco d&#8217;azzardo nei casin\u00f2!<\/p>\n<h2>Come scaricare il file APK NineCasino (su Android)?<\/h2>\n<p>Scaricare il file APK per ottenere l&#8217;applicazione NineCasino per il tuo dispositivo Android \u00e8 molto semplice. Basta seguire questi passaggi:<\/p>\n<ul>\n<li aria-level=\"1\">Innanzitutto visita il sito web di NineCasino.<\/li>\n<li aria-level=\"1\">Utilizzando il tuo dispositivo Android, vai alla pagina ufficiale di download.<\/li>\n<li aria-level=\"1\">Poi\u00a0 clicca il pulsante per scaricare il file APK di Nine Casino. Questo avvier\u00e0 il processo di download.<\/li>\n<li aria-level=\"1\">L&#8217;app consente origini sconosciute. Dovrai andare nelle impostazioni di sicurezza del dispositivo. Da l\u00ec, puoi toccare dove dice &#8220;autorizza l&#8217;installazione da fonti sconosciute&#8221;.<\/li>\n<li aria-level=\"1\">Dovresti vedere l&#8217;app NineCasino installata sul tuo telefono.<\/li>\n<\/ul>\n<p>Se hai scaricato il file in questione sul tuo computer professionale o personale, dovresti riuscire a trovarlo nella cartella da te specificata. Questa potrebbe includere una distro di Linux Ubuntu o Windows 10 o 11 di Microsoft. A questo punto, basta fare doppio clic sull&#8217;icona.<\/p>\n<p>Dovresti vedere le istruzioni dettagliate per eseguire il processo di download sul tuo dispositivo Android come descritto sopra. In meno di dieci minuti avrai l&#8217;app pronta e funzionante e potrai esplorarla. Ora, l&#8217;universo di NineCasino si aprir\u00e0 per te e potrai godertelo ovunque!<br \/>\n<img decoding=\"async\" class=\"aligncenter wp-image-1302 size-full\" src=\"https:\/\/ninecasinoplay.com\/wp-content\/uploads\/2025\/04\/ninecasinoit.png\" alt=\"\" width=\"1248\" height=\"536\" srcset=\"https:\/\/ninecasinoplay.com\/wp-content\/uploads\/2025\/04\/ninecasinoit.png 1248w, https:\/\/ninecasinoplay.com\/wp-content\/uploads\/2025\/04\/ninecasinoit-300x129.png 300w, https:\/\/ninecasinoplay.com\/wp-content\/uploads\/2025\/04\/ninecasinoit-1024x440.png 1024w, https:\/\/ninecasinoplay.com\/wp-content\/uploads\/2025\/04\/ninecasinoit-768x330.png 768w\" sizes=\"(max-width: 1248px) 100vw, 1248px\" \/><\/p>\n<h2>Come scaricare l\u2019app Nine Casino per il tuo dispositivo iOS?<\/h2>\n<p>Se possiedi un dispositivo iOS come iPhone o iPad, puoi partecipare anche tu! NineCasino ha una versione disponibile che funziona perfettamente su questi dispositivi. Ecco cosa dovrai fare:<\/p>\n<ul>\n<li aria-level=\"1\">Vai sull&#8217;App Store del tuo dispositivo iOS.<\/li>\n<li aria-level=\"1\">Dal tuo dispositivo Apple cerca \u201cNineCasino\u201d nella barra di ricerca.<\/li>\n<li aria-level=\"1\">L&#8217;applicazione dovrebbe apparire.<\/li>\n<li aria-level=\"1\">Premi \u201cOttieni\u201d per confermare che desideri scaricarla.<\/li>\n<li aria-level=\"1\">Il processo non dovrebbe richiedere pi\u00f9 di pochi secondi, a meno che tu non abbia una connessione Wi-Fi debole o stia utilizzando i dati mobili con un segnale debole dalla torre cellulare.<\/li>\n<\/ul>\n<p>Completato con successo il download sul tuo dispositivo iOS o computer personale, assicurati di avviare l&#8217;app e connetterti al tuo account esistente. In alternativa, se non hai ancora un profilo salvato, puoi crearne uno.<\/p>\n<p>Scoprirai che l&#8217;app NineCasino per iOS \u00e8 abbastanza intuitiva e facile da usare. L&#8217;interfaccia ti consente di trovare rapidamente le molte funzionalit\u00e0 della piattaforma e interagirci. Puoi portare il tuo dispositivo iOS con te e goderti le numerose offerte bonus e i giochi, con nuovi giochi che appaiono frequentemente.<\/p>\n<h2>C\u2019\u00e8 anche un\u2019applicazione Nine Casino fatta espressamente per Windows\/Mac OS?<\/h2>\n<p>S\u00ec, esiste un&#8217;app che abbiamo progettato appositamente per Windows\/Mac OS. Puoi ottenerla senza dover fare un download dedicato dell&#8217;applicazione.<\/p>\n<p>Una versione ottimizzata del nostro sito web garantisce una navigazione fluida e user-friendly. Puoi accedervi direttamente dal tuo browser internet preferito.<\/p>\n<p>Se ami avere esperienze personalizzate ed esclusive, ti piacer\u00e0 la nostra applicazione da ufficio. Con essa, puoi provare istantaneamente molti giochi e approfittare di funzionalit\u00e0 esclusive.<\/p>\n<p>L&#8217;app NineCasino pu\u00f2 essere tua, che tu abbia un dispositivo Mac, Windows, un tablet o uno smartphone Android o iOS. Il brivido del gioco \u00e8 pi\u00f9 facile che mai da ottenere!<\/p>\n<h2>FAQ<\/h2>\n<h3>Quanti giochi ci sono da giocare sull\u2019applicazione NineCasino?<\/h3>\n<p>Ci sono oltre 5.000 giochi da giocare sull&#8217;app Nine Casino. Include centinaia di slot con molti temi popolari che sicuramente riconoscerai. Se questo non \u00e8 il tuo metodo preferito di gioco, puoi anche provare blackjack, video poker, roulette, baccarat, keno e molto altro. Nuovi giochi vengono sempre aggiunti, quindi assicurati di controllare spesso l&#8217;app per vedere quali nuove e entusiasmanti aggiunte ti aspettano!<\/p>\n<h3>Ci sono bonus diversi di cui posso approfittare in momenti diversi?<\/h3>\n<p>S\u00ec, ci sono sempre diversi bonus offerti. Puoi iscriverti e approfittare di uno di quelli disponibili in questo momento, ma tra qualche settimana potrebbero esserci bonus completamente diversi. Gli amministratori del sito sono sempre attivi a ideare nuove e entusiasmanti promozioni pensate per tentare e stuzzicare i nostri giocatori. Se vuoi sapere quale sar\u00e0 il prossimo, dovrai controllare spesso l&#8217;app.<\/p>\n<h3>Cosa fare se ricevo il messaggio d\u2019errore che dice \u201cGiocatore gi\u00e0 collegato?\u201d<\/h3>\n<p>Potresti vedere questo messaggio occasionalmente. Se lo vedi quando provi a effettuare il login nella versione scaricata dell&#8217;app, potrebbe essere che non ti sei disconnesso correttamente quando stavi giocando nella versione istantanea. Se torni alla versione istantanea e clicchi su &#8220;esci&#8221;, questo dovrebbe risolvere il problema. Se il problema persiste, il nostro staff potr\u00e0 suggerire soluzioni alternative per risolvere questa situazione.<\/p>\n<h3>Cosa posso fare se uno dei giochi che sto giocando si blocca?<\/h3>\n<p>Sebbene l&#8217;app sia progettata per essere pi\u00f9 fluida possibile, c&#8217;\u00e8 sempre una leggera possibilit\u00e0 che si verifichi un malfunzionamento. Se ci\u00f2 accade, puoi spegnere e riavviare il tuo telefono. Se questo non risolve il problema, puoi anche eliminare l&#8217;app tenendo premuta l\u2019icona in modo che appaia il menu. Dovrebbe esserci un&#8217;opzione alla fine per eliminare l&#8217;app. Una volta fatto, puoi reinstallarla dall&#8217;App Store o dal Google Play Store se stai utilizzando un dispositivo Android. Di solito, questo dovrebbe riportarti al gioco fluido che stavi cercando.<\/p>\n<h3>Cosa posso fare se ho dimenticato la password?<\/h3>\n<p>Se non ricordi la tua password, dovrai cliccare sull&#8217;opzione che dice &#8220;Hai dimenticato la password?&#8221;. Si trova proprio sotto il campo dove normalmente inseriresti la password. Ti dovrebbe essere chiesta una domanda segreta a cui avevi fornito la risposta quando ti sei registrato sulla piattaforma. Fatto ci\u00f2, dovresti essere in grado di reimpostare la password e ricevere anche un&#8217;email che conferma la nuova password. Tieni presente che, per motivi di sicurezza, Nine Casino non \u00e8 in grado di conservare una copia della tua password.<\/p>\n<\/div><\/div><\/p>\n","protected":false},"excerpt":{"rendered":"<p>L\u2019App NineCasino I giocatori occasionali e quelli pi\u00f9 esperti possono ora divertirsi con l&#8217;applicazione NineCasino. Se sei un appassionato di giochi che desidera vivere un&#8217;esperienza da vero casin\u00f2 sul proprio smartphone, ora puoi farlo. Questa applicazione \u00e8 davvero rivoluzionaria. Le persone situate in varie regioni possono ora vivere un&#8217;esperienza coinvolgente che offre tutte le emozioni [&hellip;]<\/p>\n","protected":false},"author":1,"featured_media":0,"parent":0,"menu_order":0,"comment_status":"closed","ping_status":"closed","template":"template-builder.php","meta":{"_acf_changed":false,"inline_featured_image":false,"footnotes":""},"class_list":["post-1194","page","type-page","status-publish","hentry"],"acf":[],"yoast_head":"<!-- This site is optimized with the Yoast SEO plugin v27.4 - https:\/\/yoast.com\/product\/yoast-seo-wordpress\/ -->\n<title>L\u2019App NineCasino \u00e8 pronta per il tuo divertimento<\/title>\n<meta name=\"description\" content=\"L\u2019applicazione Nine Casino ha una variet\u00e0 di giochi stile casin\u00f2 per intrigare e deliziare qualsiasi tipo di giocatore.\" \/>\n<meta name=\"robots\" content=\"index, follow, max-snippet:-1, max-image-preview:large, max-video-preview:-1\" \/>\n<link rel=\"canonical\" href=\"https:\/\/ninecasinoplay.com\/it\/lapplicazione\/\" \/>\n<meta property=\"og:locale\" content=\"it_IT\" \/>\n<meta property=\"og:type\" content=\"article\" \/>\n<meta property=\"og:title\" content=\"L\u2019App NineCasino \u00e8 pronta per il tuo divertimento\" \/>\n<meta property=\"og:description\" content=\"L\u2019applicazione Nine Casino ha una variet\u00e0 di giochi stile casin\u00f2 per intrigare e deliziare qualsiasi tipo di giocatore.\" \/>\n<meta property=\"og:url\" content=\"https:\/\/ninecasinoplay.com\/it\/lapplicazione\/\" \/>\n<meta property=\"og:site_name\" content=\"NineCasino\" \/>\n<meta property=\"article:modified_time\" content=\"2025-07-15T12:28:53+00:00\" \/>\n<meta name=\"twitter:card\" content=\"summary_large_image\" \/>\n<meta name=\"twitter:label1\" content=\"Est. reading time\" \/>\n\t<meta name=\"twitter:data1\" content=\"1 minuto\" \/>\n<script type=\"application\/ld+json\" class=\"yoast-schema-graph\">{\"@context\":\"https:\\\/\\\/schema.org\",\"@graph\":[{\"@type\":\"WebPage\",\"@id\":\"https:\\\/\\\/ninecasinoplay.com\\\/it\\\/lapplicazione\\\/\",\"url\":\"https:\\\/\\\/ninecasinoplay.com\\\/it\\\/lapplicazione\\\/\",\"name\":\"L\u2019App NineCasino \u00e8 pronta per il tuo divertimento\",\"isPartOf\":{\"@id\":\"https:\\\/\\\/ninecasinoplay.com\\\/it\\\/#website\"},\"datePublished\":\"2025-04-08T12:30:14+00:00\",\"dateModified\":\"2025-07-15T12:28:53+00:00\",\"description\":\"L\u2019applicazione Nine Casino ha una variet\u00e0 di giochi stile casin\u00f2 per intrigare e deliziare qualsiasi tipo di giocatore.\",\"breadcrumb\":{\"@id\":\"https:\\\/\\\/ninecasinoplay.com\\\/it\\\/lapplicazione\\\/#breadcrumb\"},\"inLanguage\":\"it-IT\",\"potentialAction\":[{\"@type\":\"ReadAction\",\"target\":[\"https:\\\/\\\/ninecasinoplay.com\\\/it\\\/lapplicazione\\\/\"]}]},{\"@type\":\"BreadcrumbList\",\"@id\":\"https:\\\/\\\/ninecasinoplay.com\\\/it\\\/lapplicazione\\\/#breadcrumb\",\"itemListElement\":[{\"@type\":\"ListItem\",\"position\":1,\"name\":\"Ninecasino\",\"item\":\"https:\\\/\\\/ninecasinoplay.com\\\/it\\\/\"},{\"@type\":\"ListItem\",\"position\":2,\"name\":\"L\u2019applicazione\"}]},{\"@type\":\"WebSite\",\"@id\":\"https:\\\/\\\/ninecasinoplay.com\\\/it\\\/#website\",\"url\":\"https:\\\/\\\/ninecasinoplay.com\\\/it\\\/\",\"name\":\"Ninecasino\",\"description\":\"\",\"publisher\":{\"@id\":\"https:\\\/\\\/ninecasinoplay.com\\\/it\\\/#organization\"},\"potentialAction\":[{\"@type\":\"SearchAction\",\"target\":{\"@type\":\"EntryPoint\",\"urlTemplate\":\"https:\\\/\\\/ninecasinoplay.com\\\/it\\\/?s={search_term_string}\"},\"query-input\":{\"@type\":\"PropertyValueSpecification\",\"valueRequired\":true,\"valueName\":\"search_term_string\"}}],\"inLanguage\":\"it-IT\"},{\"@type\":\"Organization\",\"@id\":\"https:\\\/\\\/ninecasinoplay.com\\\/it\\\/#organization\",\"name\":\"Ninecasino\",\"url\":\"https:\\\/\\\/ninecasinoplay.com\\\/it\\\/\",\"logo\":{\"@type\":\"ImageObject\",\"inLanguage\":\"it-IT\",\"@id\":\"https:\\\/\\\/ninecasinoplay.com\\\/it\\\/#\\\/schema\\\/logo\\\/image\\\/\",\"url\":\"https:\\\/\\\/ninecasinoplay.com\\\/wp-content\\\/uploads\\\/2024\\\/12\\\/logo-main.svg\",\"contentUrl\":\"https:\\\/\\\/ninecasinoplay.com\\\/wp-content\\\/uploads\\\/2024\\\/12\\\/logo-main.svg\",\"width\":135,\"height\":34,\"caption\":\"Ninecasino\"},\"image\":{\"@id\":\"https:\\\/\\\/ninecasinoplay.com\\\/it\\\/#\\\/schema\\\/logo\\\/image\\\/\"}}]}<\/script>\n<!-- \/ Yoast SEO plugin. -->","yoast_head_json":{"title":"L\u2019App NineCasino \u00e8 pronta per il tuo divertimento","description":"L\u2019applicazione Nine Casino ha una variet\u00e0 di giochi stile casin\u00f2 per intrigare e deliziare qualsiasi tipo di giocatore.","robots":{"index":"index","follow":"follow","max-snippet":"max-snippet:-1","max-image-preview":"max-image-preview:large","max-video-preview":"max-video-preview:-1"},"canonical":"https:\/\/ninecasinoplay.com\/it\/lapplicazione\/","og_locale":"it_IT","og_type":"article","og_title":"L\u2019App NineCasino \u00e8 pronta per il tuo divertimento","og_description":"L\u2019applicazione Nine Casino ha una variet\u00e0 di giochi stile casin\u00f2 per intrigare e deliziare qualsiasi tipo di giocatore.","og_url":"https:\/\/ninecasinoplay.com\/it\/lapplicazione\/","og_site_name":"NineCasino","article_modified_time":"2025-07-15T12:28:53+00:00","twitter_card":"summary_large_image","twitter_misc":{"Est. reading time":"1 minuto"},"schema":{"@context":"https:\/\/schema.org","@graph":[{"@type":"WebPage","@id":"https:\/\/ninecasinoplay.com\/it\/lapplicazione\/","url":"https:\/\/ninecasinoplay.com\/it\/lapplicazione\/","name":"L\u2019App NineCasino \u00e8 pronta per il tuo divertimento","isPartOf":{"@id":"https:\/\/ninecasinoplay.com\/it\/#website"},"datePublished":"2025-04-08T12:30:14+00:00","dateModified":"2025-07-15T12:28:53+00:00","description":"L\u2019applicazione Nine Casino ha una variet\u00e0 di giochi stile casin\u00f2 per intrigare e deliziare qualsiasi tipo di giocatore.","breadcrumb":{"@id":"https:\/\/ninecasinoplay.com\/it\/lapplicazione\/#breadcrumb"},"inLanguage":"it-IT","potentialAction":[{"@type":"ReadAction","target":["https:\/\/ninecasinoplay.com\/it\/lapplicazione\/"]}]},{"@type":"BreadcrumbList","@id":"https:\/\/ninecasinoplay.com\/it\/lapplicazione\/#breadcrumb","itemListElement":[{"@type":"ListItem","position":1,"name":"Ninecasino","item":"https:\/\/ninecasinoplay.com\/it\/"},{"@type":"ListItem","position":2,"name":"L\u2019applicazione"}]},{"@type":"WebSite","@id":"https:\/\/ninecasinoplay.com\/it\/#website","url":"https:\/\/ninecasinoplay.com\/it\/","name":"Ninecasino","description":"","publisher":{"@id":"https:\/\/ninecasinoplay.com\/it\/#organization"},"potentialAction":[{"@type":"SearchAction","target":{"@type":"EntryPoint","urlTemplate":"https:\/\/ninecasinoplay.com\/it\/?s={search_term_string}"},"query-input":{"@type":"PropertyValueSpecification","valueRequired":true,"valueName":"search_term_string"}}],"inLanguage":"it-IT"},{"@type":"Organization","@id":"https:\/\/ninecasinoplay.com\/it\/#organization","name":"Ninecasino","url":"https:\/\/ninecasinoplay.com\/it\/","logo":{"@type":"ImageObject","inLanguage":"it-IT","@id":"https:\/\/ninecasinoplay.com\/it\/#\/schema\/logo\/image\/","url":"https:\/\/ninecasinoplay.com\/wp-content\/uploads\/2024\/12\/logo-main.svg","contentUrl":"https:\/\/ninecasinoplay.com\/wp-content\/uploads\/2024\/12\/logo-main.svg","width":135,"height":34,"caption":"Ninecasino"},"image":{"@id":"https:\/\/ninecasinoplay.com\/it\/#\/schema\/logo\/image\/"}}]}},"_links":{"self":[{"href":"https:\/\/ninecasinoplay.com\/it\/wp-json\/wp\/v2\/pages\/1194","targetHints":{"allow":["GET"]}}],"collection":[{"href":"https:\/\/ninecasinoplay.com\/it\/wp-json\/wp\/v2\/pages"}],"about":[{"href":"https:\/\/ninecasinoplay.com\/it\/wp-json\/wp\/v2\/types\/page"}],"author":[{"embeddable":true,"href":"https:\/\/ninecasinoplay.com\/it\/wp-json\/wp\/v2\/users\/1"}],"replies":[{"embeddable":true,"href":"https:\/\/ninecasinoplay.com\/it\/wp-json\/wp\/v2\/comments?post=1194"}],"version-history":[{"count":3,"href":"https:\/\/ninecasinoplay.com\/it\/wp-json\/wp\/v2\/pages\/1194\/revisions"}],"predecessor-version":[{"id":1552,"href":"https:\/\/ninecasinoplay.com\/it\/wp-json\/wp\/v2\/pages\/1194\/revisions\/1552"}],"wp:attachment":[{"href":"https:\/\/ninecasinoplay.com\/it\/wp-json\/wp\/v2\/media?parent=1194"}],"curies":[{"name":"wp","href":"https:\/\/api.w.org\/{rel}","templated":true}]}}