{"id":1201,"date":"2024-10-27T11:38:29","date_gmt":"2024-10-27T11:38:29","guid":{"rendered":"https:\/\/ninecasinoplay.com\/privacy-policy\/"},"modified":"2025-04-08T14:33:28","modified_gmt":"2025-04-08T13:33:28","slug":"privacy-policy","status":"publish","type":"page","link":"https:\/\/ninecasinoplay.com\/cs\/privacy-policy\/","title":{"rendered":"Z\u00e1sady ochrany osobn\u00edch \u00fadaj\u016f"},"content":{"rendered":"\r\n<h1 class=\"wp-block-heading\">Z\u00e1sady ochrany osobn\u00edch \u00fadaj\u016f<\/h1>\r\n<h2>Kdo jsme<\/h2>\r\n<p>Na\u0161e webov\u00e1 adresa je: https:\/\/ninecasinoplay.com\/.<\/p>\r\n<h2>Koment\u00e1\u0159e<\/h2>\r\n<p>Kdy\u017e n\u00e1v\u0161t\u011bvn\u00edci zanech\u00e1vaj\u00ed na webu koment\u00e1\u0159e, shroma\u017e\u010fujeme \u00fadaje uveden\u00e9 ve formul\u00e1\u0159i koment\u00e1\u0159e a tak\u00e9 IP adresu n\u00e1v\u0161t\u011bvn\u00edka a \u0159et\u011bzec user agent, abychom pomohli odhalit spam.<\/p>\r\n<p>Anonymizovan\u00fd \u0159et\u011bzec vytvo\u0159en\u00fd z va\u0161\u00ed e-mailov\u00e9 adresy (naz\u00fdvan\u00fd tak\u00e9 hash) m\u016f\u017ee b\u00fdt poskytnut slu\u017eb\u011b Gravatar, aby bylo mo\u017en\u00e9 zjistit, zda ji pou\u017e\u00edv\u00e1te. Z\u00e1sady ochrany osobn\u00edch \u00fadaj\u016f slu\u017eby Gravatar jsou k dispozici zde: https:\/\/automattic.com\/privacy\/. Po schv\u00e1len\u00ed va\u0161eho koment\u00e1\u0159e bude v\u00e1\u0161 profilov\u00fd obr\u00e1zek viditeln\u00fd ve\u0159ejnosti v kontextu va\u0161eho koment\u00e1\u0159e.<\/p>\r\n<h2>Medi\u00e1ln\u00ed soubory<\/h2>\r\n<p>Pokud na str\u00e1nky nahr\u00e1v\u00e1te obr\u00e1zky, m\u011bli byste se vyhnout nahr\u00e1v\u00e1n\u00ed obr\u00e1zk\u016f s vlo\u017een\u00fdmi \u00fadaji o poloze (EXIF GPS). N\u00e1v\u0161t\u011bvn\u00edci webu mohou z obr\u00e1zk\u016f na webu st\u00e1hnout a extrahovat ve\u0161ker\u00e9 \u00fadaje o poloze.<\/p>\r\n<h2>Soubory cookie<\/h2>\r\n<p>Pokud na na\u0161ich str\u00e1nk\u00e1ch zanech\u00e1te koment\u00e1\u0159, m\u016f\u017eete souhlasit s ukl\u00e1d\u00e1n\u00edm va\u0161eho jm\u00e9na, e-mailov\u00e9 adresy a webov\u00e9 str\u00e1nky do soubor\u016f cookie. Je to pro va\u0161e pohodl\u00ed, abyste p\u0159i zanech\u00e1n\u00ed dal\u0161\u00edho koment\u00e1\u0159e nemuseli znovu vypl\u0148ovat sv\u00e9 \u00fadaje. Tyto soubory cookie vydr\u017e\u00ed 1 rok.<\/p>\r\n<p>Pokud m\u00e1te na str\u00e1nk\u00e1ch \u00fa\u010det a p\u0159ihl\u00e1s\u00edte se, nastav\u00edme do\u010dasn\u00fd soubor cookie, abychom zjistili, zda v\u00e1\u0161 prohl\u00ed\u017ee\u010d podporuje soubory cookie, tento soubor cookie neobsahuje \u017e\u00e1dn\u00e9 osobn\u00ed \u00fadaje a po zav\u0159en\u00ed prohl\u00ed\u017ee\u010de se vyma\u017ee.<\/p>\r\n<p>Kdy\u017e se p\u0159ihl\u00e1s\u00edte, nastav\u00edme tak\u00e9 n\u011bkolik soubor\u016f cookie, abychom ulo\u017eili informace o va\u0161em p\u0159ihl\u00e1\u0161en\u00ed a nastaven\u00ed obrazovky. Soubory cookie pro p\u0159ihl\u00e1\u0161en\u00ed vydr\u017e\u00ed 2 dny a soubory cookie pro nastaven\u00ed obrazovky vydr\u017e\u00ed 1 rok. Pokud zvol\u00edte mo\u017enost \u201eZapamatovat si m\u011b\u201c, va\u0161e p\u0159ihl\u00e1\u0161en\u00ed bude trvat 2 t\u00fddny. Pokud se ze sv\u00e9ho \u00fa\u010dtu odhl\u00e1s\u00edte, p\u0159ihla\u0161ovac\u00ed soubory cookie budou vymaz\u00e1ny.<\/p>\r\n<p>Pokud uprav\u00edte nebo zve\u0159ejn\u00edte \u010dl\u00e1nek, ulo\u017e\u00ed se do prohl\u00ed\u017ee\u010de dal\u0161\u00ed soubor cookie. Tento soubor cookie neobsahuje \u017e\u00e1dn\u00e9 osobn\u00ed \u00fadaje a pouze ozna\u010duje ID p\u0159\u00edsp\u011bvku \u010dl\u00e1nku, kter\u00fd jste pr\u00e1v\u011b upravili. Jeho platnost vypr\u0161\u00ed za 1 den.<\/p>\r\n<h2>Vlo\u017een\u00fd obsah z jin\u00fdch webov\u00fdch str\u00e1nek<\/h2>\r\n<p>\u010cl\u00e1nky na t\u011bchto str\u00e1nk\u00e1ch mohou obsahovat vlo\u017een\u00fd obsah (nap\u0159. videa, obr\u00e1zky, \u010dl\u00e1nky atd.). Vlo\u017een\u00fd obsah z jin\u00fdch webov\u00fdch str\u00e1nek se chov\u00e1 \u00fapln\u011b stejn\u011b, jako kdyby u\u017eivatel nav\u0161t\u00edvil jinou webovou str\u00e1nku.<\/p>\r\n<p>Tyto weby mohou shroma\u017e\u010fovat \u00fadaje o v\u00e1s, pou\u017e\u00edvat soubory cookie, vkl\u00e1dat sledovac\u00ed aplikace t\u0159et\u00edch stran a sledovat va\u0161i interakci s t\u00edmto vlo\u017een\u00fdm obsahem. Zejm\u00e9na sleduj\u00ed va\u0161i interakci s vlo\u017een\u00fdm obsahem, pokud m\u00e1te \u00fa\u010det a jste na dan\u00e9 webov\u00e9 str\u00e1nce p\u0159ihl\u00e1\u0161eni.<\/p>\r\n<h2>S k\u00fdm sd\u00edl\u00edme va\u0161e \u00fadaje?<\/h2>\r\n<p>Pokud po\u017e\u00e1d\u00e1te o obnoven\u00ed hesla, bude va\u0161e IP adresa uvedena v e-mailu o obnoven\u00ed hesla.<\/p>\r\n<h2>Jak dlouho va\u0161e \u00fadaje uchov\u00e1v\u00e1me?<\/h2>\r\n<p>Pokud zanech\u00e1te koment\u00e1\u0159, koment\u00e1\u0159 a jeho metadata se uchov\u00e1vaj\u00ed po neomezenou dobu. To n\u00e1m umo\u017e\u0148uje automaticky identifikovat a schv\u00e1lit v\u0161echny n\u00e1sleduj\u00edc\u00ed koment\u00e1\u0159e nam\u00edsto jejich zadr\u017eov\u00e1n\u00ed ve front\u011b moder\u00e1tor\u016f.<\/p>\r\n<p>U u\u017eivatel\u016f, kte\u0159\u00ed se na na\u0161ich str\u00e1nk\u00e1ch zaregistruj\u00ed (pokud existuj\u00ed), uchov\u00e1v\u00e1me osobn\u00ed \u00fadaje, kter\u00e9 poskytli, v jejich u\u017eivatelsk\u00e9m profilu. V\u0161ichni u\u017eivatel\u00e9 mohou sv\u00e9 osobn\u00ed \u00fadaje kdykoli zobrazit, upravit nebo odstranit (krom\u011b toho, \u017ee nemohou zm\u011bnit sv\u00e9 u\u017eivatelsk\u00e9 jm\u00e9no). Spr\u00e1vci webu mohou tyto informace tak\u00e9 prohl\u00ed\u017eet a upravovat.<\/p>\r\n<h2>Jak\u00e1 jsou va\u0161e pr\u00e1va t\u00fdkaj\u00edc\u00ed se va\u0161ich \u00fadaj\u016f?<\/h2>\r\n<p>Pokud m\u00e1te na t\u011bchto str\u00e1nk\u00e1ch \u00fa\u010det nebo jste zanechali koment\u00e1\u0159, m\u016f\u017eete po\u017e\u00e1dat o zasl\u00e1n\u00ed exportovan\u00e9ho souboru osobn\u00edch \u00fadaj\u016f, kter\u00e9 o v\u00e1s uchov\u00e1v\u00e1me, v\u010detn\u011b v\u0161ech \u00fadaj\u016f, kter\u00e9 jste n\u00e1m poskytli. M\u016f\u017eete tak\u00e9 po\u017e\u00e1dat o vymaz\u00e1n\u00ed v\u0161ech osobn\u00edch \u00fadaj\u016f, kter\u00e9 o v\u00e1s uchov\u00e1v\u00e1me. To se net\u00fdk\u00e1 \u00fadaj\u016f, kter\u00e9 jsme povinni uchov\u00e1vat pro administrativn\u00ed, pr\u00e1vn\u00ed nebo bezpe\u010dnostn\u00ed \u00fa\u010dely.<\/p>\r\n<h2>Kam jsou va\u0161e \u00fadaje zas\u00edl\u00e1ny<\/h2>\r\n<p>Koment\u00e1\u0159e n\u00e1v\u0161t\u011bvn\u00edk\u016f mohou b\u00fdt kontrolov\u00e1ny prost\u0159ednictv\u00edm automatizovan\u00e9 slu\u017eby pro detekci spamu.<\/p>\r\n","protected":false},"excerpt":{"rendered":"<p>Z\u00e1sady ochrany osobn\u00edch \u00fadaj\u016f Kdo jsme Na\u0161e webov\u00e1 adresa je: https:\/\/ninecasinoplay.com\/. Koment\u00e1\u0159e Kdy\u017e n\u00e1v\u0161t\u011bvn\u00edci zanech\u00e1vaj\u00ed na webu koment\u00e1\u0159e, shroma\u017e\u010fujeme \u00fadaje uveden\u00e9 ve formul\u00e1\u0159i koment\u00e1\u0159e a tak\u00e9 IP adresu n\u00e1v\u0161t\u011bvn\u00edka a \u0159et\u011bzec user agent, abychom pomohli odhalit spam. Anonymizovan\u00fd \u0159et\u011bzec vytvo\u0159en\u00fd z va\u0161\u00ed e-mailov\u00e9 adresy (naz\u00fdvan\u00fd tak\u00e9 hash) m\u016f\u017ee b\u00fdt poskytnut slu\u017eb\u011b Gravatar, aby bylo mo\u017en\u00e9 [&hellip;]<\/p>\n","protected":false},"author":1,"featured_media":0,"parent":0,"menu_order":0,"comment_status":"closed","ping_status":"open","template":"template-builder.php","meta":{"_acf_changed":false,"inline_featured_image":false,"footnotes":""},"class_list":["post-1201","page","type-page","status-publish","hentry"],"acf":[],"yoast_head":"<!-- This site is optimized with the Yoast SEO plugin v27.3 - https:\/\/yoast.com\/product\/yoast-seo-wordpress\/ -->\n<title>Z\u00e1sady ochrany osobn\u00edch \u00fadaj\u016f<\/title>\n<meta name=\"description\" content=\"Seznamte se se z\u00e1sadami ochrany osobn\u00edch \u00fadaj\u016f Nine Casino: jak jsou va\u0161e osobn\u00ed \u00fadaje shroma\u017e\u010fov\u00e1ny, pou\u017e\u00edv\u00e1ny a chr\u00e1n\u011bny, abyste si mohli u\u017e\u00edt bezpe\u010dnou hru.\" \/>\n<meta name=\"robots\" content=\"noindex, follow\" \/>\n<meta property=\"og:locale\" content=\"cs_CZ\" \/>\n<meta property=\"og:type\" content=\"article\" \/>\n<meta property=\"og:title\" content=\"Z\u00e1sady ochrany osobn\u00edch \u00fadaj\u016f\" \/>\n<meta property=\"og:description\" content=\"Seznamte se se z\u00e1sadami ochrany osobn\u00edch \u00fadaj\u016f Nine Casino: jak jsou va\u0161e osobn\u00ed \u00fadaje shroma\u017e\u010fov\u00e1ny, pou\u017e\u00edv\u00e1ny a chr\u00e1n\u011bny, abyste si mohli u\u017e\u00edt bezpe\u010dnou hru.\" \/>\n<meta property=\"og:url\" content=\"https:\/\/ninecasinoplay.com\/cs\/privacy-policy\/\" \/>\n<meta property=\"og:site_name\" content=\"NineCasino\" \/>\n<meta property=\"article:modified_time\" content=\"2025-04-08T13:33:28+00:00\" \/>\n<meta name=\"twitter:card\" content=\"summary_large_image\" \/>\n<meta name=\"twitter:label1\" content=\"Est. reading time\" \/>\n\t<meta name=\"twitter:data1\" content=\"3 minuty\" \/>\n<script type=\"application\/ld+json\" class=\"yoast-schema-graph\">{\"@context\":\"https:\\\/\\\/schema.org\",\"@graph\":[{\"@type\":\"WebPage\",\"@id\":\"https:\\\/\\\/ninecasinoplay.com\\\/cs\\\/privacy-policy\\\/\",\"url\":\"https:\\\/\\\/ninecasinoplay.com\\\/cs\\\/privacy-policy\\\/\",\"name\":\"Z\u00e1sady ochrany osobn\u00edch \u00fadaj\u016f\",\"isPartOf\":{\"@id\":\"https:\\\/\\\/ninecasinoplay.com\\\/cs\\\/#website\"},\"datePublished\":\"2024-10-27T11:38:29+00:00\",\"dateModified\":\"2025-04-08T13:33:28+00:00\",\"description\":\"Seznamte se se z\u00e1sadami ochrany osobn\u00edch \u00fadaj\u016f Nine Casino: jak jsou va\u0161e osobn\u00ed \u00fadaje shroma\u017e\u010fov\u00e1ny, pou\u017e\u00edv\u00e1ny a chr\u00e1n\u011bny, abyste si mohli u\u017e\u00edt bezpe\u010dnou hru.\",\"breadcrumb\":{\"@id\":\"https:\\\/\\\/ninecasinoplay.com\\\/cs\\\/privacy-policy\\\/#breadcrumb\"},\"inLanguage\":\"cs\",\"potentialAction\":[{\"@type\":\"ReadAction\",\"target\":[\"https:\\\/\\\/ninecasinoplay.com\\\/cs\\\/privacy-policy\\\/\"]}]},{\"@type\":\"BreadcrumbList\",\"@id\":\"https:\\\/\\\/ninecasinoplay.com\\\/cs\\\/privacy-policy\\\/#breadcrumb\",\"itemListElement\":[{\"@type\":\"ListItem\",\"position\":1,\"name\":\"Ninecasino\",\"item\":\"https:\\\/\\\/ninecasinoplay.com\\\/cs\\\/\"},{\"@type\":\"ListItem\",\"position\":2,\"name\":\"Z\u00e1sady ochrany osobn\u00edch \u00fadaj\u016f\"}]},{\"@type\":\"WebSite\",\"@id\":\"https:\\\/\\\/ninecasinoplay.com\\\/cs\\\/#website\",\"url\":\"https:\\\/\\\/ninecasinoplay.com\\\/cs\\\/\",\"name\":\"Ninecasino\",\"description\":\"\",\"publisher\":{\"@id\":\"https:\\\/\\\/ninecasinoplay.com\\\/cs\\\/#organization\"},\"potentialAction\":[{\"@type\":\"SearchAction\",\"target\":{\"@type\":\"EntryPoint\",\"urlTemplate\":\"https:\\\/\\\/ninecasinoplay.com\\\/cs\\\/?s={search_term_string}\"},\"query-input\":{\"@type\":\"PropertyValueSpecification\",\"valueRequired\":true,\"valueName\":\"search_term_string\"}}],\"inLanguage\":\"cs\"},{\"@type\":\"Organization\",\"@id\":\"https:\\\/\\\/ninecasinoplay.com\\\/cs\\\/#organization\",\"name\":\"Ninecasino\",\"url\":\"https:\\\/\\\/ninecasinoplay.com\\\/cs\\\/\",\"logo\":{\"@type\":\"ImageObject\",\"inLanguage\":\"cs\",\"@id\":\"https:\\\/\\\/ninecasinoplay.com\\\/cs\\\/#\\\/schema\\\/logo\\\/image\\\/\",\"url\":\"https:\\\/\\\/ninecasinoplay.com\\\/wp-content\\\/uploads\\\/2024\\\/12\\\/logo-main.svg\",\"contentUrl\":\"https:\\\/\\\/ninecasinoplay.com\\\/wp-content\\\/uploads\\\/2024\\\/12\\\/logo-main.svg\",\"width\":135,\"height\":34,\"caption\":\"Ninecasino\"},\"image\":{\"@id\":\"https:\\\/\\\/ninecasinoplay.com\\\/cs\\\/#\\\/schema\\\/logo\\\/image\\\/\"}}]}<\/script>\n<!-- \/ Yoast SEO plugin. -->","yoast_head_json":{"title":"Z\u00e1sady ochrany osobn\u00edch \u00fadaj\u016f","description":"Seznamte se se z\u00e1sadami ochrany osobn\u00edch \u00fadaj\u016f Nine Casino: jak jsou va\u0161e osobn\u00ed \u00fadaje shroma\u017e\u010fov\u00e1ny, pou\u017e\u00edv\u00e1ny a chr\u00e1n\u011bny, abyste si mohli u\u017e\u00edt bezpe\u010dnou hru.","robots":{"index":"noindex","follow":"follow"},"og_locale":"cs_CZ","og_type":"article","og_title":"Z\u00e1sady ochrany osobn\u00edch \u00fadaj\u016f","og_description":"Seznamte se se z\u00e1sadami ochrany osobn\u00edch \u00fadaj\u016f Nine Casino: jak jsou va\u0161e osobn\u00ed \u00fadaje shroma\u017e\u010fov\u00e1ny, pou\u017e\u00edv\u00e1ny a chr\u00e1n\u011bny, abyste si mohli u\u017e\u00edt bezpe\u010dnou hru.","og_url":"https:\/\/ninecasinoplay.com\/cs\/privacy-policy\/","og_site_name":"NineCasino","article_modified_time":"2025-04-08T13:33:28+00:00","twitter_card":"summary_large_image","twitter_misc":{"Est. reading time":"3 minuty"},"schema":{"@context":"https:\/\/schema.org","@graph":[{"@type":"WebPage","@id":"https:\/\/ninecasinoplay.com\/cs\/privacy-policy\/","url":"https:\/\/ninecasinoplay.com\/cs\/privacy-policy\/","name":"Z\u00e1sady ochrany osobn\u00edch \u00fadaj\u016f","isPartOf":{"@id":"https:\/\/ninecasinoplay.com\/cs\/#website"},"datePublished":"2024-10-27T11:38:29+00:00","dateModified":"2025-04-08T13:33:28+00:00","description":"Seznamte se se z\u00e1sadami ochrany osobn\u00edch \u00fadaj\u016f Nine Casino: jak jsou va\u0161e osobn\u00ed \u00fadaje shroma\u017e\u010fov\u00e1ny, pou\u017e\u00edv\u00e1ny a chr\u00e1n\u011bny, abyste si mohli u\u017e\u00edt bezpe\u010dnou hru.","breadcrumb":{"@id":"https:\/\/ninecasinoplay.com\/cs\/privacy-policy\/#breadcrumb"},"inLanguage":"cs","potentialAction":[{"@type":"ReadAction","target":["https:\/\/ninecasinoplay.com\/cs\/privacy-policy\/"]}]},{"@type":"BreadcrumbList","@id":"https:\/\/ninecasinoplay.com\/cs\/privacy-policy\/#breadcrumb","itemListElement":[{"@type":"ListItem","position":1,"name":"Ninecasino","item":"https:\/\/ninecasinoplay.com\/cs\/"},{"@type":"ListItem","position":2,"name":"Z\u00e1sady ochrany osobn\u00edch \u00fadaj\u016f"}]},{"@type":"WebSite","@id":"https:\/\/ninecasinoplay.com\/cs\/#website","url":"https:\/\/ninecasinoplay.com\/cs\/","name":"Ninecasino","description":"","publisher":{"@id":"https:\/\/ninecasinoplay.com\/cs\/#organization"},"potentialAction":[{"@type":"SearchAction","target":{"@type":"EntryPoint","urlTemplate":"https:\/\/ninecasinoplay.com\/cs\/?s={search_term_string}"},"query-input":{"@type":"PropertyValueSpecification","valueRequired":true,"valueName":"search_term_string"}}],"inLanguage":"cs"},{"@type":"Organization","@id":"https:\/\/ninecasinoplay.com\/cs\/#organization","name":"Ninecasino","url":"https:\/\/ninecasinoplay.com\/cs\/","logo":{"@type":"ImageObject","inLanguage":"cs","@id":"https:\/\/ninecasinoplay.com\/cs\/#\/schema\/logo\/image\/","url":"https:\/\/ninecasinoplay.com\/wp-content\/uploads\/2024\/12\/logo-main.svg","contentUrl":"https:\/\/ninecasinoplay.com\/wp-content\/uploads\/2024\/12\/logo-main.svg","width":135,"height":34,"caption":"Ninecasino"},"image":{"@id":"https:\/\/ninecasinoplay.com\/cs\/#\/schema\/logo\/image\/"}}]}},"_links":{"self":[{"href":"https:\/\/ninecasinoplay.com\/cs\/wp-json\/wp\/v2\/pages\/1201","targetHints":{"allow":["GET"]}}],"collection":[{"href":"https:\/\/ninecasinoplay.com\/cs\/wp-json\/wp\/v2\/pages"}],"about":[{"href":"https:\/\/ninecasinoplay.com\/cs\/wp-json\/wp\/v2\/types\/page"}],"author":[{"embeddable":true,"href":"https:\/\/ninecasinoplay.com\/cs\/wp-json\/wp\/v2\/users\/1"}],"replies":[{"embeddable":true,"href":"https:\/\/ninecasinoplay.com\/cs\/wp-json\/wp\/v2\/comments?post=1201"}],"version-history":[{"count":2,"href":"https:\/\/ninecasinoplay.com\/cs\/wp-json\/wp\/v2\/pages\/1201\/revisions"}],"predecessor-version":[{"id":1208,"href":"https:\/\/ninecasinoplay.com\/cs\/wp-json\/wp\/v2\/pages\/1201\/revisions\/1208"}],"wp:attachment":[{"href":"https:\/\/ninecasinoplay.com\/cs\/wp-json\/wp\/v2\/media?parent=1201"}],"curies":[{"name":"wp","href":"https:\/\/api.w.org\/{rel}","templated":true}]}}