{"id":1197,"date":"2024-12-09T16:40:46","date_gmt":"2024-12-09T16:40:46","guid":{"rendered":"https:\/\/ninecasinoplay.com\/cookies-policy\/"},"modified":"2025-04-08T14:31:49","modified_gmt":"2025-04-08T13:31:49","slug":"cookies-policy","status":"publish","type":"page","link":"https:\/\/ninecasinoplay.com\/cs\/cookies-policy\/","title":{"rendered":"Z\u00e1sady pou\u017e\u00edv\u00e1n\u00ed soubor\u016f cookie"},"content":{"rendered":"<h1>Z\u00e1sady pou\u017e\u00edv\u00e1n\u00ed soubor\u016f cookie<\/h1>\n<p><strong>Datum \u00fa\u010dinnosti: 01.12.2024<\/strong><\/p>\n<p>Tyto Z\u00e1sady pou\u017e\u00edv\u00e1n\u00ed soubor\u016f cookie vysv\u011btluj\u00ed, jak ninecasinoplay.com (d\u00e1le jen \u201emy\u201c, \u201ena\u0161e\u201c nebo \u201en\u00e1s\u201c) pou\u017e\u00edv\u00e1 soubory cookie a podobn\u00e9 technologie, aby v\u00e1s rozpoznala, kdy\u017e nav\u0161t\u00edv\u00edte na\u0161e webov\u00e9 str\u00e1nky na adrese https:\/\/ninecasinoplay.com\/ (d\u00e1le jen \u201estr\u00e1nky\u201c). Popisuj\u00ed, co jsou tyto technologie za\u010d, pro\u010d je pou\u017e\u00edv\u00e1me a jak\u00e1 jsou va\u0161e pr\u00e1va na jejich kontrolu.<\/p>\n<h2>Co je to cookie?<\/h2>\n<p>Soubor cookie je mal\u00fd datov\u00fd soubor, kter\u00fd se p\u0159i n\u00e1v\u0161t\u011bv\u011b webov\u00e9 str\u00e1nky ulo\u017e\u00ed do va\u0161eho za\u0159\u00edzen\u00ed (po\u010d\u00edta\u010de, chytr\u00e9ho telefonu, tabletu). Soubory cookie se b\u011b\u017en\u011b pou\u017e\u00edvaj\u00ed k vylep\u0161en\u00ed prohl\u00ed\u017een\u00ed str\u00e1nek t\u00edm, \u017ee si pamatuj\u00ed va\u0161e preference a aktivity na webu.<\/p>\n<h2>Pro\u010d pou\u017e\u00edv\u00e1me soubory cookie?<\/h2>\n<p>Soubory cookie pou\u017e\u00edv\u00e1me z r\u016fzn\u00fdch d\u016fvod\u016f, v\u010detn\u011b:<\/p>\n<ul>\n<li><strong>Z\u00e1kladn\u00ed soubory cookie<\/strong>: Nezbytn\u00e9 pro provoz na\u0161ich str\u00e1nek, kter\u00e9 v\u00e1m umo\u017e\u0148uj\u00ed pou\u017e\u00edvat funkce, jako je p\u0159\u00edstup do zabezpe\u010den\u00fdch oblast\u00ed.<\/li>\n<li><strong>V\u00fdkonnostn\u00ed a analytick\u00e9 soubory cookie<\/strong>: Pom\u00e1haj\u00ed analyzovat, jak n\u00e1v\u0161t\u011bvn\u00edci pou\u017e\u00edvaj\u00ed na\u0161e str\u00e1nky, aby se zlep\u0161ila jejich funk\u010dnost a v\u00fdkon.<\/li>\n<li><strong>Funk\u010dn\u00ed soubory cookie<\/strong>: Zapamatuj\u00ed si va\u0161e preference (nap\u0159. nastaven\u00ed jazyka), abyste si mohli l\u00e9pe p\u0159izp\u016fsobit sv\u00e9 slu\u017eby.<\/li>\n<li><strong>Reklamn\u00ed soubory cookie<\/strong>: Slou\u017e\u00ed k zobrazov\u00e1n\u00ed relevantn\u00edch reklam a sledov\u00e1n\u00ed v\u00fdkonu na\u0161ich marketingov\u00fdch kampan\u00ed.<\/li>\n<\/ul>\n<h2>Typy soubor\u016f cookie, kter\u00e9 pou\u017e\u00edv\u00e1me<\/h2>\n<table>\n<thead>\n<tr>\n<th>Typ souboru cookie<\/th>\n<th>\u00da\u010del<\/th>\n<th>Doba trv\u00e1n\u00ed<\/th>\n<\/tr>\n<\/thead>\n<tbody>\n<tr>\n<td><strong>Nezbytn\u00e9 soubory cookie<\/strong><\/td>\n<td>Umo\u017e\u0148uj\u00ed funk\u010dnost webu<\/td>\n<td>Relace nebo trval\u00e9 soubory cookie<\/td>\n<\/tr>\n<tr>\n<td><strong>Analytick\u00e9 soubory cookie<\/strong><\/td>\n<td>Sledov\u00e1n\u00ed pou\u017e\u00edv\u00e1n\u00ed a zlep\u0161ov\u00e1n\u00ed u\u017eivatelsk\u00fdch zku\u0161enost\u00ed<\/td>\n<td>Trval\u00e9 (a\u017e 2 roky)<\/td>\n<\/tr>\n<tr>\n<td><strong>Reklamn\u00ed soubory cookie<\/strong><\/td>\n<td>Poskytov\u00e1n\u00ed c\u00edlen\u00fdch reklam<\/td>\n<td>Trvale (a\u017e 1 rok)<\/td>\n<\/tr>\n<tr>\n<td><strong>Funk\u010dn\u00ed soubory cookie<\/strong><\/td>\n<td>Zapamatov\u00e1n\u00ed u\u017eivatelsk\u00fdch preferenc\u00ed<\/td>\n<td>Trvale (a\u017e 1 rok)Third-Party Cookies<\/td>\n<\/tr>\n<\/tbody>\n<\/table>\n<p>M\u016f\u017eeme tak\u00e9 pou\u017e\u00edvat soubory cookie t\u0159et\u00edch stran poskytovan\u00e9 slu\u017ebami, jako je Google Analytics, Facebook Ads nebo partnersk\u00e9 marketingov\u00e9 s\u00edt\u011b. Tyto soubory cookie n\u00e1m pom\u00e1haj\u00ed pochopit, jak n\u00e1v\u0161t\u011bvn\u00edci interaguj\u00ed s na\u0161imi str\u00e1nkami, a zlep\u0161it na\u0161e marketingov\u00e9 \u00fasil\u00ed. Tyto t\u0159et\u00ed strany mohou pou\u017e\u00edvat soubory cookie v souladu se sv\u00fdmi vlastn\u00edmi z\u00e1sadami ochrany osobn\u00edch \u00fadaj\u016f.<\/p>\n<h2>Jak spravovat soubory cookie<\/h2>\n<p>M\u00e1te pr\u00e1vo soubory cookie p\u0159ijmout nebo odm\u00edtnout. V\u011bt\u0161ina webov\u00fdch prohl\u00ed\u017ee\u010d\u016f umo\u017e\u0148uje ovl\u00e1dat soubory cookie prost\u0159ednictv\u00edm sv\u00e9ho nastaven\u00ed. Zak\u00e1z\u00e1n\u00ed soubor\u016f cookie v\u0161ak m\u016f\u017ee ovlivnit funk\u010dnost n\u011bkter\u00fdch funkc\u00ed na na\u0161ich str\u00e1nk\u00e1ch.<\/p>\n<h2>Spr\u00e1va soubor\u016f cookie:<\/h2>\n<p>V nastaven\u00ed prohl\u00ed\u017ee\u010de m\u016f\u017eete soubory cookie odm\u00edtnout nebo v\u00e1s upozornit na jejich pou\u017e\u00edv\u00e1n\u00ed.<br \/>\nPodrobn\u00e9 pokyny ke spr\u00e1v\u011b soubor\u016f cookie naleznete na adrese www.aboutcookies.org.<br \/>\nAktualizace t\u011bchto z\u00e1sad<\/p>\n<p>Tyto z\u00e1sady pou\u017e\u00edv\u00e1n\u00ed soubor\u016f cookie m\u016f\u017eeme \u010das od \u010dasu aktualizovat, aby odr\u00e1\u017eely zm\u011bny na\u0161ich postup\u016f, pr\u00e1vn\u00edch po\u017eadavk\u016f nebo z jin\u00fdch provozn\u00edch d\u016fvod\u016f. Nav\u0161t\u011bvujte pros\u00edm tuto str\u00e1nku pravideln\u011b, abyste byli informov\u00e1ni o na\u0161em pou\u017e\u00edv\u00e1n\u00ed soubor\u016f cookie.<\/p>\n<h2>Kontaktujte n\u00e1s<\/h2>\n<p>V p\u0159\u00edpad\u011b jak\u00fdchkoli dotaz\u016f nebo obav t\u00fdkaj\u00edc\u00edch se na\u0161eho pou\u017e\u00edv\u00e1n\u00ed soubor\u016f cookie nebo t\u011bchto z\u00e1sad n\u00e1s pros\u00edm kontaktujte prost\u0159ednictv\u00edm formul\u00e1\u0159e na na\u0161\u00ed speci\u00e1ln\u00ed str\u00e1nce: https:\/\/ninecasinoplay.com\/contact\/.<\/p>\n","protected":false},"excerpt":{"rendered":"<p>Z\u00e1sady pou\u017e\u00edv\u00e1n\u00ed soubor\u016f cookie Datum \u00fa\u010dinnosti: 01.12.2024 Tyto Z\u00e1sady pou\u017e\u00edv\u00e1n\u00ed soubor\u016f cookie vysv\u011btluj\u00ed, jak ninecasinoplay.com (d\u00e1le jen \u201emy\u201c, \u201ena\u0161e\u201c nebo \u201en\u00e1s\u201c) pou\u017e\u00edv\u00e1 soubory cookie a podobn\u00e9 technologie, aby v\u00e1s rozpoznala, kdy\u017e nav\u0161t\u00edv\u00edte na\u0161e webov\u00e9 str\u00e1nky na adrese https:\/\/ninecasinoplay.com\/ (d\u00e1le jen \u201estr\u00e1nky\u201c). Popisuj\u00ed, co jsou tyto technologie za\u010d, pro\u010d je pou\u017e\u00edv\u00e1me a jak\u00e1 jsou va\u0161e pr\u00e1va [&hellip;]<\/p>\n","protected":false},"author":1,"featured_media":0,"parent":0,"menu_order":0,"comment_status":"closed","ping_status":"closed","template":"template-builder.php","meta":{"_acf_changed":false,"inline_featured_image":false,"footnotes":""},"class_list":["post-1197","page","type-page","status-publish","hentry"],"acf":[],"yoast_head":"<!-- This site is optimized with the Yoast SEO plugin v27.4 - https:\/\/yoast.com\/product\/yoast-seo-wordpress\/ -->\n<title>Z\u00e1sady pou\u017e\u00edv\u00e1n\u00ed soubor\u016f cookie<\/title>\n<meta name=\"description\" content=\"Seznamte se s na\u0161imi z\u00e1sadami pou\u017e\u00edv\u00e1n\u00ed soubor\u016f cookie a zjist\u011bte, jak soubory cookie pou\u017e\u00edv\u00e1me ke zlep\u0161en\u00ed va\u0161ich zku\u0161enost\u00ed na na\u0161ich str\u00e1nk\u00e1ch.\" \/>\n<meta name=\"robots\" content=\"noindex, follow\" \/>\n<meta property=\"og:locale\" content=\"cs_CZ\" \/>\n<meta property=\"og:type\" content=\"article\" \/>\n<meta property=\"og:title\" content=\"Z\u00e1sady pou\u017e\u00edv\u00e1n\u00ed soubor\u016f cookie\" \/>\n<meta property=\"og:description\" content=\"Seznamte se s na\u0161imi z\u00e1sadami pou\u017e\u00edv\u00e1n\u00ed soubor\u016f cookie a zjist\u011bte, jak soubory cookie pou\u017e\u00edv\u00e1me ke zlep\u0161en\u00ed va\u0161ich zku\u0161enost\u00ed na na\u0161ich str\u00e1nk\u00e1ch.\" \/>\n<meta property=\"og:url\" content=\"https:\/\/ninecasinoplay.com\/cs\/cookies-policy\/\" \/>\n<meta property=\"og:site_name\" content=\"NineCasino\" \/>\n<meta property=\"article:modified_time\" content=\"2025-04-08T13:31:49+00:00\" \/>\n<meta name=\"twitter:card\" content=\"summary_large_image\" \/>\n<meta name=\"twitter:label1\" content=\"Est. reading time\" \/>\n\t<meta name=\"twitter:data1\" content=\"2 minuty\" \/>\n<script type=\"application\/ld+json\" class=\"yoast-schema-graph\">{\"@context\":\"https:\\\/\\\/schema.org\",\"@graph\":[{\"@type\":\"WebPage\",\"@id\":\"https:\\\/\\\/ninecasinoplay.com\\\/cs\\\/cookies-policy\\\/\",\"url\":\"https:\\\/\\\/ninecasinoplay.com\\\/cs\\\/cookies-policy\\\/\",\"name\":\"Z\u00e1sady pou\u017e\u00edv\u00e1n\u00ed soubor\u016f cookie\",\"isPartOf\":{\"@id\":\"https:\\\/\\\/ninecasinoplay.com\\\/cs\\\/#website\"},\"datePublished\":\"2024-12-09T16:40:46+00:00\",\"dateModified\":\"2025-04-08T13:31:49+00:00\",\"description\":\"Seznamte se s na\u0161imi z\u00e1sadami pou\u017e\u00edv\u00e1n\u00ed soubor\u016f cookie a zjist\u011bte, jak soubory cookie pou\u017e\u00edv\u00e1me ke zlep\u0161en\u00ed va\u0161ich zku\u0161enost\u00ed na na\u0161ich str\u00e1nk\u00e1ch.\",\"breadcrumb\":{\"@id\":\"https:\\\/\\\/ninecasinoplay.com\\\/cs\\\/cookies-policy\\\/#breadcrumb\"},\"inLanguage\":\"cs\",\"potentialAction\":[{\"@type\":\"ReadAction\",\"target\":[\"https:\\\/\\\/ninecasinoplay.com\\\/cs\\\/cookies-policy\\\/\"]}]},{\"@type\":\"BreadcrumbList\",\"@id\":\"https:\\\/\\\/ninecasinoplay.com\\\/cs\\\/cookies-policy\\\/#breadcrumb\",\"itemListElement\":[{\"@type\":\"ListItem\",\"position\":1,\"name\":\"Ninecasino\",\"item\":\"https:\\\/\\\/ninecasinoplay.com\\\/cs\\\/\"},{\"@type\":\"ListItem\",\"position\":2,\"name\":\"Z\u00e1sady pou\u017e\u00edv\u00e1n\u00ed soubor\u016f cookie\"}]},{\"@type\":\"WebSite\",\"@id\":\"https:\\\/\\\/ninecasinoplay.com\\\/cs\\\/#website\",\"url\":\"https:\\\/\\\/ninecasinoplay.com\\\/cs\\\/\",\"name\":\"Ninecasino\",\"description\":\"\",\"publisher\":{\"@id\":\"https:\\\/\\\/ninecasinoplay.com\\\/cs\\\/#organization\"},\"potentialAction\":[{\"@type\":\"SearchAction\",\"target\":{\"@type\":\"EntryPoint\",\"urlTemplate\":\"https:\\\/\\\/ninecasinoplay.com\\\/cs\\\/?s={search_term_string}\"},\"query-input\":{\"@type\":\"PropertyValueSpecification\",\"valueRequired\":true,\"valueName\":\"search_term_string\"}}],\"inLanguage\":\"cs\"},{\"@type\":\"Organization\",\"@id\":\"https:\\\/\\\/ninecasinoplay.com\\\/cs\\\/#organization\",\"name\":\"Ninecasino\",\"url\":\"https:\\\/\\\/ninecasinoplay.com\\\/cs\\\/\",\"logo\":{\"@type\":\"ImageObject\",\"inLanguage\":\"cs\",\"@id\":\"https:\\\/\\\/ninecasinoplay.com\\\/cs\\\/#\\\/schema\\\/logo\\\/image\\\/\",\"url\":\"https:\\\/\\\/ninecasinoplay.com\\\/wp-content\\\/uploads\\\/2024\\\/12\\\/logo-main.svg\",\"contentUrl\":\"https:\\\/\\\/ninecasinoplay.com\\\/wp-content\\\/uploads\\\/2024\\\/12\\\/logo-main.svg\",\"width\":135,\"height\":34,\"caption\":\"Ninecasino\"},\"image\":{\"@id\":\"https:\\\/\\\/ninecasinoplay.com\\\/cs\\\/#\\\/schema\\\/logo\\\/image\\\/\"}}]}<\/script>\n<!-- \/ Yoast SEO plugin. -->","yoast_head_json":{"title":"Z\u00e1sady pou\u017e\u00edv\u00e1n\u00ed soubor\u016f cookie","description":"Seznamte se s na\u0161imi z\u00e1sadami pou\u017e\u00edv\u00e1n\u00ed soubor\u016f cookie a zjist\u011bte, jak soubory cookie pou\u017e\u00edv\u00e1me ke zlep\u0161en\u00ed va\u0161ich zku\u0161enost\u00ed na na\u0161ich str\u00e1nk\u00e1ch.","robots":{"index":"noindex","follow":"follow"},"og_locale":"cs_CZ","og_type":"article","og_title":"Z\u00e1sady pou\u017e\u00edv\u00e1n\u00ed soubor\u016f cookie","og_description":"Seznamte se s na\u0161imi z\u00e1sadami pou\u017e\u00edv\u00e1n\u00ed soubor\u016f cookie a zjist\u011bte, jak soubory cookie pou\u017e\u00edv\u00e1me ke zlep\u0161en\u00ed va\u0161ich zku\u0161enost\u00ed na na\u0161ich str\u00e1nk\u00e1ch.","og_url":"https:\/\/ninecasinoplay.com\/cs\/cookies-policy\/","og_site_name":"NineCasino","article_modified_time":"2025-04-08T13:31:49+00:00","twitter_card":"summary_large_image","twitter_misc":{"Est. reading time":"2 minuty"},"schema":{"@context":"https:\/\/schema.org","@graph":[{"@type":"WebPage","@id":"https:\/\/ninecasinoplay.com\/cs\/cookies-policy\/","url":"https:\/\/ninecasinoplay.com\/cs\/cookies-policy\/","name":"Z\u00e1sady pou\u017e\u00edv\u00e1n\u00ed soubor\u016f cookie","isPartOf":{"@id":"https:\/\/ninecasinoplay.com\/cs\/#website"},"datePublished":"2024-12-09T16:40:46+00:00","dateModified":"2025-04-08T13:31:49+00:00","description":"Seznamte se s na\u0161imi z\u00e1sadami pou\u017e\u00edv\u00e1n\u00ed soubor\u016f cookie a zjist\u011bte, jak soubory cookie pou\u017e\u00edv\u00e1me ke zlep\u0161en\u00ed va\u0161ich zku\u0161enost\u00ed na na\u0161ich str\u00e1nk\u00e1ch.","breadcrumb":{"@id":"https:\/\/ninecasinoplay.com\/cs\/cookies-policy\/#breadcrumb"},"inLanguage":"cs","potentialAction":[{"@type":"ReadAction","target":["https:\/\/ninecasinoplay.com\/cs\/cookies-policy\/"]}]},{"@type":"BreadcrumbList","@id":"https:\/\/ninecasinoplay.com\/cs\/cookies-policy\/#breadcrumb","itemListElement":[{"@type":"ListItem","position":1,"name":"Ninecasino","item":"https:\/\/ninecasinoplay.com\/cs\/"},{"@type":"ListItem","position":2,"name":"Z\u00e1sady pou\u017e\u00edv\u00e1n\u00ed soubor\u016f cookie"}]},{"@type":"WebSite","@id":"https:\/\/ninecasinoplay.com\/cs\/#website","url":"https:\/\/ninecasinoplay.com\/cs\/","name":"Ninecasino","description":"","publisher":{"@id":"https:\/\/ninecasinoplay.com\/cs\/#organization"},"potentialAction":[{"@type":"SearchAction","target":{"@type":"EntryPoint","urlTemplate":"https:\/\/ninecasinoplay.com\/cs\/?s={search_term_string}"},"query-input":{"@type":"PropertyValueSpecification","valueRequired":true,"valueName":"search_term_string"}}],"inLanguage":"cs"},{"@type":"Organization","@id":"https:\/\/ninecasinoplay.com\/cs\/#organization","name":"Ninecasino","url":"https:\/\/ninecasinoplay.com\/cs\/","logo":{"@type":"ImageObject","inLanguage":"cs","@id":"https:\/\/ninecasinoplay.com\/cs\/#\/schema\/logo\/image\/","url":"https:\/\/ninecasinoplay.com\/wp-content\/uploads\/2024\/12\/logo-main.svg","contentUrl":"https:\/\/ninecasinoplay.com\/wp-content\/uploads\/2024\/12\/logo-main.svg","width":135,"height":34,"caption":"Ninecasino"},"image":{"@id":"https:\/\/ninecasinoplay.com\/cs\/#\/schema\/logo\/image\/"}}]}},"_links":{"self":[{"href":"https:\/\/ninecasinoplay.com\/cs\/wp-json\/wp\/v2\/pages\/1197","targetHints":{"allow":["GET"]}}],"collection":[{"href":"https:\/\/ninecasinoplay.com\/cs\/wp-json\/wp\/v2\/pages"}],"about":[{"href":"https:\/\/ninecasinoplay.com\/cs\/wp-json\/wp\/v2\/types\/page"}],"author":[{"embeddable":true,"href":"https:\/\/ninecasinoplay.com\/cs\/wp-json\/wp\/v2\/users\/1"}],"replies":[{"embeddable":true,"href":"https:\/\/ninecasinoplay.com\/cs\/wp-json\/wp\/v2\/comments?post=1197"}],"version-history":[{"count":2,"href":"https:\/\/ninecasinoplay.com\/cs\/wp-json\/wp\/v2\/pages\/1197\/revisions"}],"predecessor-version":[{"id":1206,"href":"https:\/\/ninecasinoplay.com\/cs\/wp-json\/wp\/v2\/pages\/1197\/revisions\/1206"}],"wp:attachment":[{"href":"https:\/\/ninecasinoplay.com\/cs\/wp-json\/wp\/v2\/media?parent=1197"}],"curies":[{"name":"wp","href":"https:\/\/api.w.org\/{rel}","templated":true}]}}